{"id":24,"date":"2015-10-16T18:31:55","date_gmt":"2015-10-16T16:31:55","guid":{"rendered":"http:\/\/relaxingmusic.website\/entspannungsmusik\/?page_id=24"},"modified":"2016-02-29T11:22:30","modified_gmt":"2016-02-29T10:22:30","slug":"entspannungsmusik-meditationsmusik","status":"publish","type":"page","link":"https:\/\/relaxingmusic.website\/de\/","title":{"rendered":"Entspannungsmusik Meditationsmusik"},"content":{"rendered":"<h1>Relaxing Music &#8211; Entspannungsmusik<\/h1>\n<p>Sie m\u00f6chten alles \u00fcber die verschiedenen <a href=\"https:\/\/www.facebook.com\/SoothingRelaxingMusic\/\" target=\"_blank\">Arten<\/a> von Entspannungsmusik wissen? Diese Internetseiten sind alleine daf\u00fcr gemacht! Auf diesen Webseiten erfahren Sie alles Wissenswerte zu wohltuender, schlaff\u00f6rdernder, beruhigender Musik.<\/p>\n<p><img loading=\"lazy\" decoding=\"async\" class=\"aligncenter wp-image-134 size-full\" src=\"http:\/\/relaxingmusic.website\/de\/wp-content\/uploads\/sites\/5\/2015\/10\/meditation-music-pic2.jpg\" alt=\"Entspannungsmusik Fluss\" width=\"205\" height=\"112\" \/><\/p>\n<p>Das kann sein: Musik f\u00fcr Yoga, Meditation und alle Sorten von mentalen Entspannungsmethoden.<\/p>\n<p>Wir erkl\u00e4ren Ihnen alles \u00fcber die\u00a0<a href=\"https:\/\/www.youtube.com\/watch?v=3qHuBuN8J_0\" target=\"_blank\">Solfeggio Frequenzen<\/a><\/p>\n<p>Sie lernen die verschiedenen Wirkungskr\u00e4fte von\u00a0<a href=\"https:\/\/www.youtube.com\/watch?v=_dgQpwAzmHA\" target=\"_blank\">432 Hz Musik<\/a><\/p>\n<p>Als Therapeut oder Therapeutin k\u00f6nnen Sie unsere Empfehlungen verwenden, um Ihre Sitzungen noch erfolgreicher werden zu lassen. Spezielle Entspannungsmusik wird Ihre Klienten sich noch &#8220;spezieller&#8221; f\u00fchlen lassen&#8230;<\/p>\n<p>Standard Meditationsmusik geht dem H\u00f6rer manchmal mehr auf die Nerven, als einen entspannenden Effekt auszu\u00fcben. Die Gr\u00fcnde hierf\u00fcr sind unter anderem die Verwendung billiger synthetischer Kl\u00e4nge und eine Produktion der Musik in der Stimmung von 440 Hz. Dies ist leider die Standardfrequenz der heutigen Musik.<\/p>\n<p>Auf diesen Seiten erhalten Sie Empfehlungen f\u00fcr NAT\u00dcRLICH klingende Musik. Sie wurde mit echten akustischen Instrumenten &#8211; oder zumindest mit real KLINGENDEN Instrumenten produziert. Auch Synthesizer Kl\u00e4nge k\u00f6nnen einen wertvollen Entspannungseffekt erzeugen. Aber sie m\u00fcssen sorgf\u00e4ltig gew\u00e4hlt werden.<\/p>\n<p>Wir werden unseren Fokus auf Musik legen, die mit Liebe und Hingabe entstanden ist. Wir vermeiden &#8220;billige&#8221; Kl\u00e4nge, die nur zu kommerziellen Zwecken geschaffen wurden. Ein weiteres wichtiges Thema im Bereich der Entspannungsmusik ist die &#8220;Kompression&#8221;.<\/p>\n<p>Moderne Musik wird stark komprimiert. Das bedeutet, ihre Dynamik wird verringert. Es gibt keine wirklich leisen Passagen mehr in einem St\u00fcck. Alles klingt &#8220;gleich laut&#8221;. Auf diese Weise wirkt Musik sehr pr\u00e4sent, fast schon aufdringlich. Fernseh- und Radiostationen haben untereinander einen &#8220;inoffiziellen Wettbewerb&#8221;, wer es schafft am &#8220;lautesten&#8221; zu klingen. Sie \u00fcberkomprimieren die Musik, so dass beinahe \u00fcberhaupt keine Dynamik mehr in einem St\u00fcck vorkommt. Auf diese Weise wird extrem laut klingende Musik erzeugt. Als H\u00f6rer denkt man nun bei den ersten T\u00f6nen &#8220;Wow, da passiert was&#8230;&#8221;<\/p>\n<p>Aber nach einigen Minuten die man der k\u00fcnstlichen Lautheit ausgesetzt ist, erzeugt diese im Unbewussten mehr und mehr Stress.<\/p>\n<p>Das ist auch der Grund, weshalb wir uns manchmal unruhig oder sogar aggressiv f\u00fchlen, wenn wir eine Zeit lang laute Werbung und Musik im Fernsehen h\u00f6ren.<\/p>\n<p>Es ist also offensichtlich, dass Entspannungsmusik NICHT stark komprimiert werden sollte. In unseren Empfehlungen werden wir uns auf Musik konzentrieren, die eine ausgewogene Dynamik besitzen, anstatt einfach nur &#8220;laut&#8221; zu sein.<\/p>\n<p>&nbsp;<\/p>\n","protected":false},"excerpt":{"rendered":"<p>Relaxing Music &#8211; Entspannungsmusik Sie m\u00f6chten alles \u00fcber die verschiedenen Arten von Entspannungsmusik wissen? Diese Internetseiten sind alleine daf\u00fcr gemacht! Auf diesen Webseiten erfahren Sie alles Wissenswerte zu wohltuender, schlaff\u00f6rdernder, beruhigender Musik. Das kann sein: Musik f\u00fcr Yoga, Meditation und<\/p>\n","protected":false},"author":1,"featured_media":97,"parent":0,"menu_order":0,"comment_status":"closed","ping_status":"closed","template":"page-templates\/business.php","meta":{"_crdt_document":"","ghostkit_customizer_options":"","ghostkit_custom_css":"","ghostkit_custom_js_head":"","ghostkit_custom_js_foot":"","ghostkit_typography":"","cybocfi_hide_featured_image":"","footnotes":""},"class_list":["post-24","page","type-page","status-publish","has-post-thumbnail","hentry"],"yoast_head":"<!-- This site is optimized with the Yoast SEO plugin v27.4 - https:\/\/yoast.com\/product\/yoast-seo-wordpress\/ -->\n<title>Entspannungsmusik Meditationsmusik - Relaxing Music<\/title>\n<meta name=\"description\" content=\"Erfahren Sie alles zu wohltuender, schlaff\u00f6rdernder, beruhigender Entspannungsmusik - f\u00fcr Yoga, Meditation, Hypnose, Autogenes Training, Massage, Wellness\" \/>\n<meta name=\"robots\" content=\"index, follow, max-snippet:-1, max-image-preview:large, max-video-preview:-1\" \/>\n<link rel=\"canonical\" href=\"https:\/\/relaxingmusic.website\/de\/\" \/>\n<meta name=\"twitter:card\" content=\"summary_large_image\" \/>\n<meta name=\"twitter:title\" content=\"Entspannungsmusik Meditationsmusik - Relaxing Music\" \/>\n<meta name=\"twitter:description\" content=\"Erfahren Sie alles zu wohltuender, schlaff\u00f6rdernder, beruhigender Entspannungsmusik - f\u00fcr Yoga, Meditation, Hypnose, Autogenes Training, Massage, Wellness\" \/>\n<meta name=\"twitter:image\" content=\"https:\/\/relaxingmusic.website\/de\/wp-content\/uploads\/sites\/5\/2015\/10\/Website-icon.jpg\" \/>\n<meta name=\"twitter:label1\" content=\"Gesch\u00e4tzte Lesezeit\" \/>\n\t<meta name=\"twitter:data1\" content=\"2\u00a0Minuten\" \/>\n<script type=\"application\/ld+json\" class=\"yoast-schema-graph\">{\"@context\":\"https:\\\/\\\/schema.org\",\"@graph\":[{\"@type\":\"WebPage\",\"@id\":\"https:\\\/\\\/relaxingmusic.website\\\/de\\\/\",\"url\":\"https:\\\/\\\/relaxingmusic.website\\\/de\\\/\",\"name\":\"Entspannungsmusik Meditationsmusik - Relaxing Music\",\"isPartOf\":{\"@id\":\"https:\\\/\\\/relaxingmusic.website\\\/de\\\/#website\"},\"primaryImageOfPage\":{\"@id\":\"https:\\\/\\\/relaxingmusic.website\\\/de\\\/#primaryimage\"},\"image\":{\"@id\":\"https:\\\/\\\/relaxingmusic.website\\\/de\\\/#primaryimage\"},\"thumbnailUrl\":\"https:\\\/\\\/relaxingmusic.website\\\/de\\\/wp-content\\\/uploads\\\/sites\\\/5\\\/2015\\\/10\\\/Website-icon.jpg\",\"datePublished\":\"2015-10-16T16:31:55+00:00\",\"dateModified\":\"2016-02-29T10:22:30+00:00\",\"description\":\"Erfahren Sie alles zu wohltuender, schlaff\u00f6rdernder, beruhigender Entspannungsmusik - f\u00fcr Yoga, Meditation, Hypnose, Autogenes Training, Massage, Wellness\",\"breadcrumb\":{\"@id\":\"https:\\\/\\\/relaxingmusic.website\\\/de\\\/#breadcrumb\"},\"inLanguage\":\"de\",\"potentialAction\":[{\"@type\":\"ReadAction\",\"target\":[\"https:\\\/\\\/relaxingmusic.website\\\/de\\\/\"]}]},{\"@type\":\"ImageObject\",\"inLanguage\":\"de\",\"@id\":\"https:\\\/\\\/relaxingmusic.website\\\/de\\\/#primaryimage\",\"url\":\"https:\\\/\\\/relaxingmusic.website\\\/de\\\/wp-content\\\/uploads\\\/sites\\\/5\\\/2015\\\/10\\\/Website-icon.jpg\",\"contentUrl\":\"https:\\\/\\\/relaxingmusic.website\\\/de\\\/wp-content\\\/uploads\\\/sites\\\/5\\\/2015\\\/10\\\/Website-icon.jpg\",\"width\":512,\"height\":512},{\"@type\":\"BreadcrumbList\",\"@id\":\"https:\\\/\\\/relaxingmusic.website\\\/de\\\/#breadcrumb\",\"itemListElement\":[{\"@type\":\"ListItem\",\"position\":1,\"name\":\"Home\",\"item\":\"https:\\\/\\\/relaxingmusic.website\\\/de\\\/\"},{\"@type\":\"ListItem\",\"position\":2,\"name\":\"Entspannungsmusik Meditationsmusik\"}]},{\"@type\":\"WebSite\",\"@id\":\"https:\\\/\\\/relaxingmusic.website\\\/de\\\/#website\",\"url\":\"https:\\\/\\\/relaxingmusic.website\\\/de\\\/\",\"name\":\"Relaxing Music\",\"description\":\"\",\"publisher\":{\"@id\":\"https:\\\/\\\/relaxingmusic.website\\\/de\\\/#organization\"},\"potentialAction\":[{\"@type\":\"SearchAction\",\"target\":{\"@type\":\"EntryPoint\",\"urlTemplate\":\"https:\\\/\\\/relaxingmusic.website\\\/de\\\/?s={search_term_string}\"},\"query-input\":{\"@type\":\"PropertyValueSpecification\",\"valueRequired\":true,\"valueName\":\"search_term_string\"}}],\"inLanguage\":\"de\"},{\"@type\":\"Organization\",\"@id\":\"https:\\\/\\\/relaxingmusic.website\\\/de\\\/#organization\",\"name\":\"Relaxing Music\",\"url\":\"https:\\\/\\\/relaxingmusic.website\\\/de\\\/\",\"logo\":{\"@type\":\"ImageObject\",\"inLanguage\":\"de\",\"@id\":\"https:\\\/\\\/relaxingmusic.website\\\/de\\\/#\\\/schema\\\/logo\\\/image\\\/\",\"url\":\"https:\\\/\\\/relaxingmusic.website\\\/de\\\/wp-content\\\/uploads\\\/sites\\\/5\\\/2017\\\/10\\\/Logo-Relaxingmusic-White.jpg\",\"contentUrl\":\"https:\\\/\\\/relaxingmusic.website\\\/de\\\/wp-content\\\/uploads\\\/sites\\\/5\\\/2017\\\/10\\\/Logo-Relaxingmusic-White.jpg\",\"width\":552,\"height\":120,\"caption\":\"Relaxing Music\"},\"image\":{\"@id\":\"https:\\\/\\\/relaxingmusic.website\\\/de\\\/#\\\/schema\\\/logo\\\/image\\\/\"},\"sameAs\":[\"https:\\\/\\\/www.facebook.com\\\/SoothingRelaxingMusic\",\"https:\\\/\\\/www.youtube.com\\\/channel\\\/UCUNQ_5VaJPqpK5ZNRrI3SZw\"]}]}<\/script>\n<!-- \/ Yoast SEO plugin. -->","yoast_head_json":{"title":"Entspannungsmusik Meditationsmusik - Relaxing Music","description":"Erfahren Sie alles zu wohltuender, schlaff\u00f6rdernder, beruhigender Entspannungsmusik - f\u00fcr Yoga, Meditation, Hypnose, Autogenes Training, Massage, Wellness","robots":{"index":"index","follow":"follow","max-snippet":"max-snippet:-1","max-image-preview":"max-image-preview:large","max-video-preview":"max-video-preview:-1"},"canonical":"https:\/\/relaxingmusic.website\/de\/","twitter_card":"summary_large_image","twitter_title":"Entspannungsmusik Meditationsmusik - Relaxing Music","twitter_description":"Erfahren Sie alles zu wohltuender, schlaff\u00f6rdernder, beruhigender Entspannungsmusik - f\u00fcr Yoga, Meditation, Hypnose, Autogenes Training, Massage, Wellness","twitter_image":"https:\/\/relaxingmusic.website\/de\/wp-content\/uploads\/sites\/5\/2015\/10\/Website-icon.jpg","twitter_misc":{"Gesch\u00e4tzte Lesezeit":"2\u00a0Minuten"},"schema":{"@context":"https:\/\/schema.org","@graph":[{"@type":"WebPage","@id":"https:\/\/relaxingmusic.website\/de\/","url":"https:\/\/relaxingmusic.website\/de\/","name":"Entspannungsmusik Meditationsmusik - Relaxing Music","isPartOf":{"@id":"https:\/\/relaxingmusic.website\/de\/#website"},"primaryImageOfPage":{"@id":"https:\/\/relaxingmusic.website\/de\/#primaryimage"},"image":{"@id":"https:\/\/relaxingmusic.website\/de\/#primaryimage"},"thumbnailUrl":"https:\/\/relaxingmusic.website\/de\/wp-content\/uploads\/sites\/5\/2015\/10\/Website-icon.jpg","datePublished":"2015-10-16T16:31:55+00:00","dateModified":"2016-02-29T10:22:30+00:00","description":"Erfahren Sie alles zu wohltuender, schlaff\u00f6rdernder, beruhigender Entspannungsmusik - f\u00fcr Yoga, Meditation, Hypnose, Autogenes Training, Massage, Wellness","breadcrumb":{"@id":"https:\/\/relaxingmusic.website\/de\/#breadcrumb"},"inLanguage":"de","potentialAction":[{"@type":"ReadAction","target":["https:\/\/relaxingmusic.website\/de\/"]}]},{"@type":"ImageObject","inLanguage":"de","@id":"https:\/\/relaxingmusic.website\/de\/#primaryimage","url":"https:\/\/relaxingmusic.website\/de\/wp-content\/uploads\/sites\/5\/2015\/10\/Website-icon.jpg","contentUrl":"https:\/\/relaxingmusic.website\/de\/wp-content\/uploads\/sites\/5\/2015\/10\/Website-icon.jpg","width":512,"height":512},{"@type":"BreadcrumbList","@id":"https:\/\/relaxingmusic.website\/de\/#breadcrumb","itemListElement":[{"@type":"ListItem","position":1,"name":"Home","item":"https:\/\/relaxingmusic.website\/de\/"},{"@type":"ListItem","position":2,"name":"Entspannungsmusik Meditationsmusik"}]},{"@type":"WebSite","@id":"https:\/\/relaxingmusic.website\/de\/#website","url":"https:\/\/relaxingmusic.website\/de\/","name":"Relaxing Music","description":"","publisher":{"@id":"https:\/\/relaxingmusic.website\/de\/#organization"},"potentialAction":[{"@type":"SearchAction","target":{"@type":"EntryPoint","urlTemplate":"https:\/\/relaxingmusic.website\/de\/?s={search_term_string}"},"query-input":{"@type":"PropertyValueSpecification","valueRequired":true,"valueName":"search_term_string"}}],"inLanguage":"de"},{"@type":"Organization","@id":"https:\/\/relaxingmusic.website\/de\/#organization","name":"Relaxing Music","url":"https:\/\/relaxingmusic.website\/de\/","logo":{"@type":"ImageObject","inLanguage":"de","@id":"https:\/\/relaxingmusic.website\/de\/#\/schema\/logo\/image\/","url":"https:\/\/relaxingmusic.website\/de\/wp-content\/uploads\/sites\/5\/2017\/10\/Logo-Relaxingmusic-White.jpg","contentUrl":"https:\/\/relaxingmusic.website\/de\/wp-content\/uploads\/sites\/5\/2017\/10\/Logo-Relaxingmusic-White.jpg","width":552,"height":120,"caption":"Relaxing Music"},"image":{"@id":"https:\/\/relaxingmusic.website\/de\/#\/schema\/logo\/image\/"},"sameAs":["https:\/\/www.facebook.com\/SoothingRelaxingMusic","https:\/\/www.youtube.com\/channel\/UCUNQ_5VaJPqpK5ZNRrI3SZw"]}]}},"_links":{"self":[{"href":"https:\/\/relaxingmusic.website\/de\/wp-json\/wp\/v2\/pages\/24","targetHints":{"allow":["GET"]}}],"collection":[{"href":"https:\/\/relaxingmusic.website\/de\/wp-json\/wp\/v2\/pages"}],"about":[{"href":"https:\/\/relaxingmusic.website\/de\/wp-json\/wp\/v2\/types\/page"}],"author":[{"embeddable":true,"href":"https:\/\/relaxingmusic.website\/de\/wp-json\/wp\/v2\/users\/1"}],"replies":[{"embeddable":true,"href":"https:\/\/relaxingmusic.website\/de\/wp-json\/wp\/v2\/comments?post=24"}],"version-history":[{"count":0,"href":"https:\/\/relaxingmusic.website\/de\/wp-json\/wp\/v2\/pages\/24\/revisions"}],"wp:featuredmedia":[{"embeddable":true,"href":"https:\/\/relaxingmusic.website\/de\/wp-json\/wp\/v2\/media\/97"}],"wp:attachment":[{"href":"https:\/\/relaxingmusic.website\/de\/wp-json\/wp\/v2\/media?parent=24"}],"curies":[{"name":"wp","href":"https:\/\/api.w.org\/{rel}","templated":true}]}}