{"id":55,"date":"2015-10-16T20:37:26","date_gmt":"2015-10-16T18:37:26","guid":{"rendered":"http:\/\/relaxingmusic.website\/entspannungsmusik\/?page_id=55"},"modified":"2019-09-22T17:59:46","modified_gmt":"2019-09-22T15:59:46","slug":"ueber-entspannungsmusik","status":"publish","type":"page","link":"https:\/\/relaxingmusic.website\/de\/ueber-entspannungsmusik\/","title":{"rendered":"\u00dcber diese Seite &#8211; Alex &#038; Musik"},"content":{"rendered":"<p>[one_half padding=&#8221;0 15px 0 0&#8243;]<\/p>\n<p>Mein Name ist Alex Hafezi &#8211; ich habe diese Seiten ins Leben gerufen. Mit meiner Band &#8220;<a href=\"http:\/\/macanto.band\" target=\"_blank\" rel=\"noopener noreferrer\">Macanto<\/a>&#8221; bin ich sehr aktiv im Bereich der Event-Musik. &#8220;Relaxing Music&#8221; ist unser zweites Projekt, bei dem wir einen komplett anderen musikalischen Bereich abdecken &#8211; den der Entspannungs- und Meditationsmusik. Genau diese stilistische Abwechslung macht uns Freude!<\/p>\n<p>[\/one_half]<\/p>\n<p>[one_half_last]<\/p>\n<p><img loading=\"lazy\" decoding=\"async\" class=\"aligncenter wp-image-234 size-medium\" src=\"http:\/\/relaxingmusic.website\/de\/wp-content\/uploads\/sites\/5\/2015\/10\/relaxing-music-alex-piano-300x182.jpg\" alt=\"\" width=\"300\" height=\"182\" srcset=\"https:\/\/relaxingmusic.website\/de\/wp-content\/uploads\/sites\/5\/2015\/10\/relaxing-music-alex-piano-300x182.jpg 300w, https:\/\/relaxingmusic.website\/de\/wp-content\/uploads\/sites\/5\/2015\/10\/relaxing-music-alex-piano.jpg 600w\" sizes=\"auto, (max-width: 300px) 100vw, 300px\" \/><\/p>\n<p>[\/one_half_last]<\/p>\n<p>Wer bin ich? Zur Musik fand ich schon in der Kindheit und begann mit ca. 12 Jahren mit dem Klavierspiel. Mit ca. 20 Jahren &#8211; begann ich die Ausbildung zum Mediengestalter f\u00fcr Bild und Ton, die ich erfolgreich abschloss.<\/p>\n<p>Mit 24 entdeckte ich eine weitere Leidenschaft &#8211; Psychologie. Das Unbewusste, das menschliche Gehirn und seine Milliarden von M\u00f6glichkeiten und Geheimnissen fingen an, mich vermehrt zu interessieren &#8211; sicherlich auch weil ich noch auf der &#8220;Suche nach mir selbst&#8221; war. Das bin ich nat\u00fcrlich auch heute noch &#8211; aber das ist ein anderes Thema \ud83d\ude42<\/p>\n<p>Es zeigte sich, dass ich ein Talent darin habe, Menschen zu motivieren und relativ zuverl\u00e4ssig die Ursache eines Problemverhaltens und M\u00f6glichkeiten zur L\u00f6sung zu finden. Nach einiger Zeit in der ich beratend t\u00e4tig war und vieles \u00fcber NLP, Hypnose und verschiedene weitere Formen geistiger Arbeit kennengelernt hatte, begann ich auch selbst Seminare auf diesen Gebieten zu organisieren, im Rahmen eines eigenen Unternehmens &#8211; der <a href=\"http:\/\/hypnotherapeutenschule.com\" target=\"_blank\" rel=\"noopener noreferrer\">Hypnotherapeutenschule<\/a>.<\/p>\n<p>Ich suche stets&nbsp;nach Wegen, Musik mit mentaler Arbeit zu verbinden. Ein Ergebnis davon ist unter anderem diese Webseite. Ich m\u00f6chte mit Dir meine Leidenschaft f\u00fcr Musk teilen &#8211; und auf diesen Seiten speziell f\u00fcr Entspannungs- und Meditationsmusik. Vielleicht findest Du hier die eine oder andere wertvolle Information oder Bereicherung f\u00fcr Deine Arbeit, oder f\u00fcr Dich privat.<\/p>\n<p>S\u00e4mtliche Musik meiner Band <a href=\"http:\/\/macanto.band\" target=\"_blank\" rel=\"noopener noreferrer\">Macanto<\/a>&nbsp;wird in unserem Studio produziert, ebenso wie die Meditationsmusik&nbsp;auf diesen Seiten. Dabei legen meine Mitmusiker und ich &#8211; wir sind dar\u00fcberhinaus gute Freunde &#8211; immer Wert darauf, etwas Besonderes zu machen: etwas mit Herz und Hingabe. In unserer industrialisierten Welt ist auch die Musik in gewisser Weise &#8220;industrialisiert&#8221; geworden.<\/p>\n<p>Lass uns gemeinsam zur Natur &#8211; und zu einem nat\u00fcrlichen Klang &#8211; zur\u00fcckfinden!<\/p>\n<p>&nbsp;<\/p>\n","protected":false},"excerpt":{"rendered":"<p>[one_half padding=&#8221;0 15px 0 0&#8243;] Mein Name ist Alex Hafezi &#8211; ich habe diese Seiten ins Leben gerufen. Mit meiner Band &#8220;Macanto&#8221; bin ich sehr aktiv im Bereich der Event-Musik. &#8220;Relaxing Music&#8221; ist unser zweites Projekt, bei dem wir einen<\/p>\n","protected":false},"author":1,"featured_media":97,"parent":0,"menu_order":0,"comment_status":"closed","ping_status":"closed","template":"","meta":{"_crdt_document":"","ghostkit_customizer_options":"","ghostkit_custom_css":"","ghostkit_custom_js_head":"","ghostkit_custom_js_foot":"","ghostkit_typography":"","cybocfi_hide_featured_image":"","footnotes":""},"class_list":["post-55","page","type-page","status-publish","has-post-thumbnail","hentry"],"yoast_head":"<!-- This site is optimized with the Yoast SEO plugin v27.5 - https:\/\/yoast.com\/product\/yoast-seo-wordpress\/ -->\n<title>\u00dcber diese Seite - Alex &amp; Musik - Relaxing Music<\/title>\n<meta name=\"description\" content=\"Ich m\u00f6chte mit Dir meine Leidenschaft f\u00fcr Musik teilen - auf diesen Seiten speziell f\u00c3\u00bcr Entspannungs- und Meditationsmusik findest Du viele Empfehlungen\" \/>\n<meta name=\"robots\" content=\"noindex, nofollow\" \/>\n<meta name=\"twitter:card\" content=\"summary_large_image\" \/>\n<meta name=\"twitter:title\" content=\"\u00dcber diese Seite - Alex &amp; Musik - Relaxing Music\" \/>\n<meta name=\"twitter:description\" content=\"Ich m\u00f6chte mit Dir meine Leidenschaft f\u00fcr Musik teilen - auf diesen Seiten speziell f\u00c3\u00bcr Entspannungs- und Meditationsmusik findest Du viele Empfehlungen\" \/>\n<meta name=\"twitter:image\" content=\"https:\/\/relaxingmusic.website\/de\/wp-content\/uploads\/sites\/5\/2015\/10\/Website-icon.jpg\" \/>\n<meta name=\"twitter:label1\" content=\"Gesch\u00e4tzte Lesezeit\" \/>\n\t<meta name=\"twitter:data1\" content=\"2\u00a0Minuten\" \/>\n<script type=\"application\/ld+json\" class=\"yoast-schema-graph\">{\"@context\":\"https:\\\/\\\/schema.org\",\"@graph\":[{\"@type\":\"WebPage\",\"@id\":\"https:\\\/\\\/relaxingmusic.website\\\/de\\\/ueber-entspannungsmusik\\\/\",\"url\":\"https:\\\/\\\/relaxingmusic.website\\\/de\\\/ueber-entspannungsmusik\\\/\",\"name\":\"\u00dcber diese Seite - Alex & Musik - Relaxing Music\",\"isPartOf\":{\"@id\":\"https:\\\/\\\/relaxingmusic.website\\\/de\\\/#website\"},\"primaryImageOfPage\":{\"@id\":\"https:\\\/\\\/relaxingmusic.website\\\/de\\\/ueber-entspannungsmusik\\\/#primaryimage\"},\"image\":{\"@id\":\"https:\\\/\\\/relaxingmusic.website\\\/de\\\/ueber-entspannungsmusik\\\/#primaryimage\"},\"thumbnailUrl\":\"https:\\\/\\\/relaxingmusic.website\\\/de\\\/wp-content\\\/uploads\\\/sites\\\/5\\\/2015\\\/10\\\/Website-icon.jpg\",\"datePublished\":\"2015-10-16T18:37:26+00:00\",\"dateModified\":\"2019-09-22T15:59:46+00:00\",\"description\":\"Ich m\u00f6chte mit Dir meine Leidenschaft f\u00fcr Musik teilen - auf diesen Seiten speziell f\u00c3\u00bcr Entspannungs- und Meditationsmusik findest Du viele Empfehlungen\",\"breadcrumb\":{\"@id\":\"https:\\\/\\\/relaxingmusic.website\\\/de\\\/ueber-entspannungsmusik\\\/#breadcrumb\"},\"inLanguage\":\"de\",\"potentialAction\":[{\"@type\":\"ReadAction\",\"target\":[\"https:\\\/\\\/relaxingmusic.website\\\/de\\\/ueber-entspannungsmusik\\\/\"]}]},{\"@type\":\"ImageObject\",\"inLanguage\":\"de\",\"@id\":\"https:\\\/\\\/relaxingmusic.website\\\/de\\\/ueber-entspannungsmusik\\\/#primaryimage\",\"url\":\"https:\\\/\\\/relaxingmusic.website\\\/de\\\/wp-content\\\/uploads\\\/sites\\\/5\\\/2015\\\/10\\\/Website-icon.jpg\",\"contentUrl\":\"https:\\\/\\\/relaxingmusic.website\\\/de\\\/wp-content\\\/uploads\\\/sites\\\/5\\\/2015\\\/10\\\/Website-icon.jpg\",\"width\":512,\"height\":512},{\"@type\":\"BreadcrumbList\",\"@id\":\"https:\\\/\\\/relaxingmusic.website\\\/de\\\/ueber-entspannungsmusik\\\/#breadcrumb\",\"itemListElement\":[{\"@type\":\"ListItem\",\"position\":1,\"name\":\"Home\",\"item\":\"https:\\\/\\\/relaxingmusic.website\\\/de\\\/\"},{\"@type\":\"ListItem\",\"position\":2,\"name\":\"\u00dcber diese Seite &#8211; Alex &#038; Musik\"}]},{\"@type\":\"WebSite\",\"@id\":\"https:\\\/\\\/relaxingmusic.website\\\/de\\\/#website\",\"url\":\"https:\\\/\\\/relaxingmusic.website\\\/de\\\/\",\"name\":\"Relaxing Music\",\"description\":\"\",\"publisher\":{\"@id\":\"https:\\\/\\\/relaxingmusic.website\\\/de\\\/#organization\"},\"potentialAction\":[{\"@type\":\"SearchAction\",\"target\":{\"@type\":\"EntryPoint\",\"urlTemplate\":\"https:\\\/\\\/relaxingmusic.website\\\/de\\\/?s={search_term_string}\"},\"query-input\":{\"@type\":\"PropertyValueSpecification\",\"valueRequired\":true,\"valueName\":\"search_term_string\"}}],\"inLanguage\":\"de\"},{\"@type\":\"Organization\",\"@id\":\"https:\\\/\\\/relaxingmusic.website\\\/de\\\/#organization\",\"name\":\"Relaxing Music\",\"url\":\"https:\\\/\\\/relaxingmusic.website\\\/de\\\/\",\"logo\":{\"@type\":\"ImageObject\",\"inLanguage\":\"de\",\"@id\":\"https:\\\/\\\/relaxingmusic.website\\\/de\\\/#\\\/schema\\\/logo\\\/image\\\/\",\"url\":\"https:\\\/\\\/relaxingmusic.website\\\/de\\\/wp-content\\\/uploads\\\/sites\\\/5\\\/2017\\\/10\\\/Logo-Relaxingmusic-White.jpg\",\"contentUrl\":\"https:\\\/\\\/relaxingmusic.website\\\/de\\\/wp-content\\\/uploads\\\/sites\\\/5\\\/2017\\\/10\\\/Logo-Relaxingmusic-White.jpg\",\"width\":552,\"height\":120,\"caption\":\"Relaxing Music\"},\"image\":{\"@id\":\"https:\\\/\\\/relaxingmusic.website\\\/de\\\/#\\\/schema\\\/logo\\\/image\\\/\"},\"sameAs\":[\"https:\\\/\\\/www.facebook.com\\\/SoothingRelaxingMusic\",\"https:\\\/\\\/www.youtube.com\\\/channel\\\/UCUNQ_5VaJPqpK5ZNRrI3SZw\"]}]}<\/script>\n<!-- \/ Yoast SEO plugin. -->","yoast_head_json":{"title":"\u00dcber diese Seite - Alex & Musik - Relaxing Music","description":"Ich m\u00f6chte mit Dir meine Leidenschaft f\u00fcr Musik teilen - auf diesen Seiten speziell f\u00c3\u00bcr Entspannungs- und Meditationsmusik findest Du viele Empfehlungen","robots":{"index":"noindex","follow":"nofollow"},"twitter_card":"summary_large_image","twitter_title":"\u00dcber diese Seite - Alex & Musik - Relaxing Music","twitter_description":"Ich m\u00f6chte mit Dir meine Leidenschaft f\u00fcr Musik teilen - auf diesen Seiten speziell f\u00c3\u00bcr Entspannungs- und Meditationsmusik findest Du viele Empfehlungen","twitter_image":"https:\/\/relaxingmusic.website\/de\/wp-content\/uploads\/sites\/5\/2015\/10\/Website-icon.jpg","twitter_misc":{"Gesch\u00e4tzte Lesezeit":"2\u00a0Minuten"},"schema":{"@context":"https:\/\/schema.org","@graph":[{"@type":"WebPage","@id":"https:\/\/relaxingmusic.website\/de\/ueber-entspannungsmusik\/","url":"https:\/\/relaxingmusic.website\/de\/ueber-entspannungsmusik\/","name":"\u00dcber diese Seite - Alex & Musik - Relaxing Music","isPartOf":{"@id":"https:\/\/relaxingmusic.website\/de\/#website"},"primaryImageOfPage":{"@id":"https:\/\/relaxingmusic.website\/de\/ueber-entspannungsmusik\/#primaryimage"},"image":{"@id":"https:\/\/relaxingmusic.website\/de\/ueber-entspannungsmusik\/#primaryimage"},"thumbnailUrl":"https:\/\/relaxingmusic.website\/de\/wp-content\/uploads\/sites\/5\/2015\/10\/Website-icon.jpg","datePublished":"2015-10-16T18:37:26+00:00","dateModified":"2019-09-22T15:59:46+00:00","description":"Ich m\u00f6chte mit Dir meine Leidenschaft f\u00fcr Musik teilen - auf diesen Seiten speziell f\u00c3\u00bcr Entspannungs- und Meditationsmusik findest Du viele Empfehlungen","breadcrumb":{"@id":"https:\/\/relaxingmusic.website\/de\/ueber-entspannungsmusik\/#breadcrumb"},"inLanguage":"de","potentialAction":[{"@type":"ReadAction","target":["https:\/\/relaxingmusic.website\/de\/ueber-entspannungsmusik\/"]}]},{"@type":"ImageObject","inLanguage":"de","@id":"https:\/\/relaxingmusic.website\/de\/ueber-entspannungsmusik\/#primaryimage","url":"https:\/\/relaxingmusic.website\/de\/wp-content\/uploads\/sites\/5\/2015\/10\/Website-icon.jpg","contentUrl":"https:\/\/relaxingmusic.website\/de\/wp-content\/uploads\/sites\/5\/2015\/10\/Website-icon.jpg","width":512,"height":512},{"@type":"BreadcrumbList","@id":"https:\/\/relaxingmusic.website\/de\/ueber-entspannungsmusik\/#breadcrumb","itemListElement":[{"@type":"ListItem","position":1,"name":"Home","item":"https:\/\/relaxingmusic.website\/de\/"},{"@type":"ListItem","position":2,"name":"\u00dcber diese Seite &#8211; Alex &#038; Musik"}]},{"@type":"WebSite","@id":"https:\/\/relaxingmusic.website\/de\/#website","url":"https:\/\/relaxingmusic.website\/de\/","name":"Relaxing Music","description":"","publisher":{"@id":"https:\/\/relaxingmusic.website\/de\/#organization"},"potentialAction":[{"@type":"SearchAction","target":{"@type":"EntryPoint","urlTemplate":"https:\/\/relaxingmusic.website\/de\/?s={search_term_string}"},"query-input":{"@type":"PropertyValueSpecification","valueRequired":true,"valueName":"search_term_string"}}],"inLanguage":"de"},{"@type":"Organization","@id":"https:\/\/relaxingmusic.website\/de\/#organization","name":"Relaxing Music","url":"https:\/\/relaxingmusic.website\/de\/","logo":{"@type":"ImageObject","inLanguage":"de","@id":"https:\/\/relaxingmusic.website\/de\/#\/schema\/logo\/image\/","url":"https:\/\/relaxingmusic.website\/de\/wp-content\/uploads\/sites\/5\/2017\/10\/Logo-Relaxingmusic-White.jpg","contentUrl":"https:\/\/relaxingmusic.website\/de\/wp-content\/uploads\/sites\/5\/2017\/10\/Logo-Relaxingmusic-White.jpg","width":552,"height":120,"caption":"Relaxing Music"},"image":{"@id":"https:\/\/relaxingmusic.website\/de\/#\/schema\/logo\/image\/"},"sameAs":["https:\/\/www.facebook.com\/SoothingRelaxingMusic","https:\/\/www.youtube.com\/channel\/UCUNQ_5VaJPqpK5ZNRrI3SZw"]}]}},"_links":{"self":[{"href":"https:\/\/relaxingmusic.website\/de\/wp-json\/wp\/v2\/pages\/55","targetHints":{"allow":["GET"]}}],"collection":[{"href":"https:\/\/relaxingmusic.website\/de\/wp-json\/wp\/v2\/pages"}],"about":[{"href":"https:\/\/relaxingmusic.website\/de\/wp-json\/wp\/v2\/types\/page"}],"author":[{"embeddable":true,"href":"https:\/\/relaxingmusic.website\/de\/wp-json\/wp\/v2\/users\/1"}],"replies":[{"embeddable":true,"href":"https:\/\/relaxingmusic.website\/de\/wp-json\/wp\/v2\/comments?post=55"}],"version-history":[{"count":0,"href":"https:\/\/relaxingmusic.website\/de\/wp-json\/wp\/v2\/pages\/55\/revisions"}],"wp:featuredmedia":[{"embeddable":true,"href":"https:\/\/relaxingmusic.website\/de\/wp-json\/wp\/v2\/media\/97"}],"wp:attachment":[{"href":"https:\/\/relaxingmusic.website\/de\/wp-json\/wp\/v2\/media?parent=55"}],"curies":[{"name":"wp","href":"https:\/\/api.w.org\/{rel}","templated":true}]}}