{"id":723,"date":"2017-10-25T21:16:56","date_gmt":"2017-10-25T19:16:56","guid":{"rendered":"http:\/\/relaxingmusic.website\/de\/?page_id=723"},"modified":"2018-05-12T21:32:05","modified_gmt":"2018-05-12T19:32:05","slug":"relaxing-music-shop","status":"publish","type":"page","link":"https:\/\/relaxingmusic.website\/de\/relaxing-music-shop\/","title":{"rendered":"Relaxing Music SHOP"},"content":{"rendered":"<h6 style=\"text-align: center;\">Relaxing Music Shop<\/h6>\n<p style=\"text-align: center;\">Diese Produkte sind derzeit verf\u00fcgbar. H\u00f6chste Qualit\u00e4tsstandards zeichnen unsere Produktionen aus.<br \/>\nAlle hier angebotene Titel k\u00f6nnen auch bequem auf dem Smartphone wiedergegeben werden.<br \/>\nBleib mit uns in Kontakt um auf dem Laufenden zu bleiben!<\/p>\n<p>[c37_lp_widget id=722]<\/p>\n","protected":false},"excerpt":{"rendered":"<p>Relaxing Music Shop Diese Produkte sind derzeit verf\u00fcgbar. H\u00f6chste Qualit\u00e4tsstandards zeichnen unsere Produktionen aus. Alle hier angebotene Titel k\u00f6nnen auch bequem auf dem Smartphone wiedergegeben werden. Bleib mit uns in Kontakt um auf dem Laufenden zu bleiben! [c37_lp_widget id=722]<\/p>\n","protected":false},"author":1,"featured_media":109,"parent":0,"menu_order":0,"comment_status":"closed","ping_status":"closed","template":"","meta":{"_crdt_document":"","ghostkit_customizer_options":"","ghostkit_custom_css":"","ghostkit_custom_js_head":"","ghostkit_custom_js_foot":"","ghostkit_typography":"","cybocfi_hide_featured_image":"","footnotes":""},"class_list":["post-723","page","type-page","status-publish","has-post-thumbnail","hentry"],"yoast_head":"<!-- This site is optimized with the Yoast SEO plugin v27.3 - https:\/\/yoast.com\/product\/yoast-seo-wordpress\/ -->\n<title>Relaxing Music SHOP - Relaxing Music<\/title>\n<meta name=\"robots\" content=\"index, follow, max-snippet:-1, max-image-preview:large, max-video-preview:-1\" \/>\n<link rel=\"canonical\" href=\"https:\/\/relaxingmusic.website\/de\/relaxing-music-shop\/\" \/>\n<meta name=\"twitter:card\" content=\"summary_large_image\" \/>\n<meta name=\"twitter:title\" content=\"Relaxing Music SHOP - Relaxing Music\" \/>\n<meta name=\"twitter:description\" content=\"Relaxing Music Shop Diese Produkte sind derzeit verf\u00fcgbar. H\u00f6chste Qualit\u00e4tsstandards zeichnen unsere Produktionen aus. Alle hier angebotene Titel k\u00f6nnen auch bequem auf dem Smartphone wiedergegeben werden. Bleib mit uns in Kontakt um auf dem Laufenden zu bleiben! [c37_lp_widget id=722]\" \/>\n<meta name=\"twitter:image\" content=\"https:\/\/relaxingmusic.website\/de\/wp-content\/uploads\/sites\/5\/2015\/10\/Business-Logo-Solfeggio.png\" \/>\n<script type=\"application\/ld+json\" class=\"yoast-schema-graph\">{\"@context\":\"https:\\\/\\\/schema.org\",\"@graph\":[{\"@type\":\"WebPage\",\"@id\":\"https:\\\/\\\/relaxingmusic.website\\\/de\\\/relaxing-music-shop\\\/\",\"url\":\"https:\\\/\\\/relaxingmusic.website\\\/de\\\/relaxing-music-shop\\\/\",\"name\":\"Relaxing Music SHOP - Relaxing Music\",\"isPartOf\":{\"@id\":\"https:\\\/\\\/relaxingmusic.website\\\/de\\\/#website\"},\"primaryImageOfPage\":{\"@id\":\"https:\\\/\\\/relaxingmusic.website\\\/de\\\/relaxing-music-shop\\\/#primaryimage\"},\"image\":{\"@id\":\"https:\\\/\\\/relaxingmusic.website\\\/de\\\/relaxing-music-shop\\\/#primaryimage\"},\"thumbnailUrl\":\"https:\\\/\\\/relaxingmusic.website\\\/de\\\/wp-content\\\/uploads\\\/sites\\\/5\\\/2015\\\/10\\\/Business-Logo-Solfeggio.png\",\"datePublished\":\"2017-10-25T19:16:56+00:00\",\"dateModified\":\"2018-05-12T19:32:05+00:00\",\"breadcrumb\":{\"@id\":\"https:\\\/\\\/relaxingmusic.website\\\/de\\\/relaxing-music-shop\\\/#breadcrumb\"},\"inLanguage\":\"de\",\"potentialAction\":[{\"@type\":\"ReadAction\",\"target\":[\"https:\\\/\\\/relaxingmusic.website\\\/de\\\/relaxing-music-shop\\\/\"]}]},{\"@type\":\"ImageObject\",\"inLanguage\":\"de\",\"@id\":\"https:\\\/\\\/relaxingmusic.website\\\/de\\\/relaxing-music-shop\\\/#primaryimage\",\"url\":\"https:\\\/\\\/relaxingmusic.website\\\/de\\\/wp-content\\\/uploads\\\/sites\\\/5\\\/2015\\\/10\\\/Business-Logo-Solfeggio.png\",\"contentUrl\":\"https:\\\/\\\/relaxingmusic.website\\\/de\\\/wp-content\\\/uploads\\\/sites\\\/5\\\/2015\\\/10\\\/Business-Logo-Solfeggio.png\",\"width\":200,\"height\":200,\"caption\":\"Solfeggio Frequenzen - Heilende Musik - 528 Hz Wirkung\"},{\"@type\":\"BreadcrumbList\",\"@id\":\"https:\\\/\\\/relaxingmusic.website\\\/de\\\/relaxing-music-shop\\\/#breadcrumb\",\"itemListElement\":[{\"@type\":\"ListItem\",\"position\":1,\"name\":\"Home\",\"item\":\"https:\\\/\\\/relaxingmusic.website\\\/de\\\/\"},{\"@type\":\"ListItem\",\"position\":2,\"name\":\"Relaxing Music SHOP\"}]},{\"@type\":\"WebSite\",\"@id\":\"https:\\\/\\\/relaxingmusic.website\\\/de\\\/#website\",\"url\":\"https:\\\/\\\/relaxingmusic.website\\\/de\\\/\",\"name\":\"Relaxing Music\",\"description\":\"\",\"publisher\":{\"@id\":\"https:\\\/\\\/relaxingmusic.website\\\/de\\\/#organization\"},\"potentialAction\":[{\"@type\":\"SearchAction\",\"target\":{\"@type\":\"EntryPoint\",\"urlTemplate\":\"https:\\\/\\\/relaxingmusic.website\\\/de\\\/?s={search_term_string}\"},\"query-input\":{\"@type\":\"PropertyValueSpecification\",\"valueRequired\":true,\"valueName\":\"search_term_string\"}}],\"inLanguage\":\"de\"},{\"@type\":\"Organization\",\"@id\":\"https:\\\/\\\/relaxingmusic.website\\\/de\\\/#organization\",\"name\":\"Relaxing Music\",\"url\":\"https:\\\/\\\/relaxingmusic.website\\\/de\\\/\",\"logo\":{\"@type\":\"ImageObject\",\"inLanguage\":\"de\",\"@id\":\"https:\\\/\\\/relaxingmusic.website\\\/de\\\/#\\\/schema\\\/logo\\\/image\\\/\",\"url\":\"https:\\\/\\\/relaxingmusic.website\\\/de\\\/wp-content\\\/uploads\\\/sites\\\/5\\\/2017\\\/10\\\/Logo-Relaxingmusic-White.jpg\",\"contentUrl\":\"https:\\\/\\\/relaxingmusic.website\\\/de\\\/wp-content\\\/uploads\\\/sites\\\/5\\\/2017\\\/10\\\/Logo-Relaxingmusic-White.jpg\",\"width\":552,\"height\":120,\"caption\":\"Relaxing Music\"},\"image\":{\"@id\":\"https:\\\/\\\/relaxingmusic.website\\\/de\\\/#\\\/schema\\\/logo\\\/image\\\/\"},\"sameAs\":[\"https:\\\/\\\/www.facebook.com\\\/SoothingRelaxingMusic\",\"https:\\\/\\\/www.youtube.com\\\/channel\\\/UCUNQ_5VaJPqpK5ZNRrI3SZw\"]}]}<\/script>\n<!-- \/ Yoast SEO plugin. -->","yoast_head_json":{"title":"Relaxing Music SHOP - Relaxing Music","robots":{"index":"index","follow":"follow","max-snippet":"max-snippet:-1","max-image-preview":"max-image-preview:large","max-video-preview":"max-video-preview:-1"},"canonical":"https:\/\/relaxingmusic.website\/de\/relaxing-music-shop\/","twitter_card":"summary_large_image","twitter_title":"Relaxing Music SHOP - Relaxing Music","twitter_description":"Relaxing Music Shop Diese Produkte sind derzeit verf\u00fcgbar. H\u00f6chste Qualit\u00e4tsstandards zeichnen unsere Produktionen aus. Alle hier angebotene Titel k\u00f6nnen auch bequem auf dem Smartphone wiedergegeben werden. Bleib mit uns in Kontakt um auf dem Laufenden zu bleiben! [c37_lp_widget id=722]","twitter_image":"https:\/\/relaxingmusic.website\/de\/wp-content\/uploads\/sites\/5\/2015\/10\/Business-Logo-Solfeggio.png","schema":{"@context":"https:\/\/schema.org","@graph":[{"@type":"WebPage","@id":"https:\/\/relaxingmusic.website\/de\/relaxing-music-shop\/","url":"https:\/\/relaxingmusic.website\/de\/relaxing-music-shop\/","name":"Relaxing Music SHOP - Relaxing Music","isPartOf":{"@id":"https:\/\/relaxingmusic.website\/de\/#website"},"primaryImageOfPage":{"@id":"https:\/\/relaxingmusic.website\/de\/relaxing-music-shop\/#primaryimage"},"image":{"@id":"https:\/\/relaxingmusic.website\/de\/relaxing-music-shop\/#primaryimage"},"thumbnailUrl":"https:\/\/relaxingmusic.website\/de\/wp-content\/uploads\/sites\/5\/2015\/10\/Business-Logo-Solfeggio.png","datePublished":"2017-10-25T19:16:56+00:00","dateModified":"2018-05-12T19:32:05+00:00","breadcrumb":{"@id":"https:\/\/relaxingmusic.website\/de\/relaxing-music-shop\/#breadcrumb"},"inLanguage":"de","potentialAction":[{"@type":"ReadAction","target":["https:\/\/relaxingmusic.website\/de\/relaxing-music-shop\/"]}]},{"@type":"ImageObject","inLanguage":"de","@id":"https:\/\/relaxingmusic.website\/de\/relaxing-music-shop\/#primaryimage","url":"https:\/\/relaxingmusic.website\/de\/wp-content\/uploads\/sites\/5\/2015\/10\/Business-Logo-Solfeggio.png","contentUrl":"https:\/\/relaxingmusic.website\/de\/wp-content\/uploads\/sites\/5\/2015\/10\/Business-Logo-Solfeggio.png","width":200,"height":200,"caption":"Solfeggio Frequenzen - Heilende Musik - 528 Hz Wirkung"},{"@type":"BreadcrumbList","@id":"https:\/\/relaxingmusic.website\/de\/relaxing-music-shop\/#breadcrumb","itemListElement":[{"@type":"ListItem","position":1,"name":"Home","item":"https:\/\/relaxingmusic.website\/de\/"},{"@type":"ListItem","position":2,"name":"Relaxing Music SHOP"}]},{"@type":"WebSite","@id":"https:\/\/relaxingmusic.website\/de\/#website","url":"https:\/\/relaxingmusic.website\/de\/","name":"Relaxing Music","description":"","publisher":{"@id":"https:\/\/relaxingmusic.website\/de\/#organization"},"potentialAction":[{"@type":"SearchAction","target":{"@type":"EntryPoint","urlTemplate":"https:\/\/relaxingmusic.website\/de\/?s={search_term_string}"},"query-input":{"@type":"PropertyValueSpecification","valueRequired":true,"valueName":"search_term_string"}}],"inLanguage":"de"},{"@type":"Organization","@id":"https:\/\/relaxingmusic.website\/de\/#organization","name":"Relaxing Music","url":"https:\/\/relaxingmusic.website\/de\/","logo":{"@type":"ImageObject","inLanguage":"de","@id":"https:\/\/relaxingmusic.website\/de\/#\/schema\/logo\/image\/","url":"https:\/\/relaxingmusic.website\/de\/wp-content\/uploads\/sites\/5\/2017\/10\/Logo-Relaxingmusic-White.jpg","contentUrl":"https:\/\/relaxingmusic.website\/de\/wp-content\/uploads\/sites\/5\/2017\/10\/Logo-Relaxingmusic-White.jpg","width":552,"height":120,"caption":"Relaxing Music"},"image":{"@id":"https:\/\/relaxingmusic.website\/de\/#\/schema\/logo\/image\/"},"sameAs":["https:\/\/www.facebook.com\/SoothingRelaxingMusic","https:\/\/www.youtube.com\/channel\/UCUNQ_5VaJPqpK5ZNRrI3SZw"]}]}},"_links":{"self":[{"href":"https:\/\/relaxingmusic.website\/de\/wp-json\/wp\/v2\/pages\/723","targetHints":{"allow":["GET"]}}],"collection":[{"href":"https:\/\/relaxingmusic.website\/de\/wp-json\/wp\/v2\/pages"}],"about":[{"href":"https:\/\/relaxingmusic.website\/de\/wp-json\/wp\/v2\/types\/page"}],"author":[{"embeddable":true,"href":"https:\/\/relaxingmusic.website\/de\/wp-json\/wp\/v2\/users\/1"}],"replies":[{"embeddable":true,"href":"https:\/\/relaxingmusic.website\/de\/wp-json\/wp\/v2\/comments?post=723"}],"version-history":[{"count":0,"href":"https:\/\/relaxingmusic.website\/de\/wp-json\/wp\/v2\/pages\/723\/revisions"}],"wp:featuredmedia":[{"embeddable":true,"href":"https:\/\/relaxingmusic.website\/de\/wp-json\/wp\/v2\/media\/109"}],"wp:attachment":[{"href":"https:\/\/relaxingmusic.website\/de\/wp-json\/wp\/v2\/media?parent=723"}],"curies":[{"name":"wp","href":"https:\/\/api.w.org\/{rel}","templated":true}]}}