{"id":960,"date":"2018-05-12T21:04:48","date_gmt":"2018-05-12T19:04:48","guid":{"rendered":"http:\/\/relaxingmusic.website\/de\/?page_id=960"},"modified":"2018-05-27T21:32:27","modified_gmt":"2018-05-27T19:32:27","slug":"432-hz","status":"publish","type":"page","link":"https:\/\/relaxingmusic.website\/de\/432-hz\/","title":{"rendered":"432 Hz"},"content":{"rendered":"<p lang=\"en-US\">[two_third]<\/p>\n<p lang=\"en-US\">Musik kann vieles f\u00fcr uns sein: Freude, Mittel zum Entspannen, ein heilender &#8220;Klangteppich&#8221; &#8211; aber auch Ursache f\u00fcr Unwohlsein. Ein wichtiger Aspekt bei der Art und Weise wie ein Musikst\u00fcck wirkt, ist die Wahl des Kammertons A &#8211; auch &#8220;Stimmung&#8221; genannt.<\/p>\n<p lang=\"en-US\">Der Kammerton ist der Bezugston, auf den alle Instrumente in einem St\u00fcck gestimmt werden. Die gleiche Stimmung aller Instrumente ist notwendig, damit sie harmonisch zusammenspielen. Sonst w\u00fcrde es &#8220;schr\u00e4g&#8221; klingen.<\/p>\n<p lang=\"en-US\">[\/two_third]<\/p>\n<p lang=\"en-US\">[one_third_last padding=&#8221;0 0 0 15px&#8221;]<\/p>\n<p lang=\"en-US\" style=\"text-align: center;\"><a href=\"http:\/\/amzn.to\/2iOsb78\" target=\"_blank\" rel=\"noopener\"><img loading=\"lazy\" decoding=\"async\" class=\"alignnone wp-image-215 size-medium aligncenter\" src=\"http:\/\/relaxingmusic.website\/de\/wp-content\/uploads\/sites\/5\/2015\/10\/432hz-headphones-300x200.jpg\" alt=\"432 Hz Entspannungsmusik Kopfh\u00f6rer\" width=\"300\" height=\"200\" srcset=\"https:\/\/relaxingmusic.website\/de\/wp-content\/uploads\/sites\/5\/2015\/10\/432hz-headphones-300x200.jpg 300w, https:\/\/relaxingmusic.website\/de\/wp-content\/uploads\/sites\/5\/2015\/10\/432hz-headphones.jpg 500w\" sizes=\"auto, (max-width: 300px) 100vw, 300px\" \/>432 Hz Musik bei Amazon*<\/a><\/p>\n<p lang=\"en-US\">[\/one_third_last]<\/p>\n<p lang=\"en-US\">Je mehr dieser Kammerton unserem &#8220;inneren Klangcode&#8221; entspricht, desto wohler f\u00fchlen wir uns beim H\u00f6ren. Ein solcher Klang wirkt auf uns stresslindernd.<\/p>\n<p lang=\"en-US\">Ein Kammerton mit 432 Hz kann ausgleichend auf unser Gehirn wirken und uns so das Gef\u00fchl emotionaler Stabilit\u00e4t vermitteln. Wer 432 Hz lange h\u00f6rt, behauptet sogar oft, diese Musik beeinflusse unsere geistige Entwicklung positiv. Mit der manchmal auch &#8220;Sonnenton&#8221; genannten 432 Hz Schwingung resonieren wir mit der Phi Spirale der Natur, die wir in allen Lebensformen wiederfinden.<\/p>\n<p lang=\"en-US\"><a href=\"https:\/\/relaxingmusic.website\/de\/relaxing-music-shop\/#432\"><img loading=\"lazy\" decoding=\"async\" class=\"aligncenter wp-image-570 size-full\" src=\"https:\/\/relaxingmusic.website\/de\/wp-content\/uploads\/sites\/5\/2016\/09\/432-Hz-Musik-anhoeren-Button.png\" alt=\"432 Hz h\u00f6ren\" width=\"412\" height=\"54\" srcset=\"https:\/\/relaxingmusic.website\/de\/wp-content\/uploads\/sites\/5\/2016\/09\/432-Hz-Musik-anhoeren-Button.png 412w, https:\/\/relaxingmusic.website\/de\/wp-content\/uploads\/sites\/5\/2016\/09\/432-Hz-Musik-anhoeren-Button-300x39.png 300w\" sizes=\"auto, (max-width: 412px) 100vw, 412px\" \/><\/a><\/p>\n<p lang=\"en-US\">[one_fourth]<\/p>\n<p lang=\"en-US\"><a href=\"http:\/\/amzn.to\/2hV0iGk\" target=\"_blank\" rel=\"noopener\"><img loading=\"lazy\" decoding=\"async\" class=\"alignnone wp-image-211 size-medium aligncenter\" src=\"http:\/\/relaxingmusic.website\/de\/wp-content\/uploads\/sites\/5\/2015\/10\/Relaxing-Music-432-Hz-tree-199x300.jpg\" alt=\"432 Hz Entspannungsmusik Baum\" width=\"199\" height=\"300\" srcset=\"https:\/\/relaxingmusic.website\/de\/wp-content\/uploads\/sites\/5\/2015\/10\/Relaxing-Music-432-Hz-tree-199x300.jpg 199w, https:\/\/relaxingmusic.website\/de\/wp-content\/uploads\/sites\/5\/2015\/10\/Relaxing-Music-432-Hz-tree.jpg 400w\" sizes=\"auto, (max-width: 199px) 100vw, 199px\" \/><\/a><\/p>\n<p lang=\"en-US\">[\/one_fourth]<\/p>\n<p lang=\"en-US\">[three_fourth_last padding=&#8221;0 0 0 15px&#8221;]<\/p>\n<p lang=\"en-US\">Ist es nicht eine wunderbare Idee, in Einklang mit der Natur zu gelangen, nur durch das H\u00f6ren von Musik? Wenn wir &#8220;gut gestimmte&#8221; Kl\u00e4nge l\u00e4ngere Zeit h\u00f6ren, liegt es im Grunde schon auf der Hand, dass auch wir selbst uns dadurch in eine &#8220;gute Stimmung&#8221; bringen k\u00f6nnen.<\/p>\n<p lang=\"en-US\">Die 432 Hz Stimmung ist schon sehr alt, aber wurde jetzt wieder neu entdeckt und ist ein wirklich hochinteressantes Thema f\u00fcr Musiker, bewusste Musikgenie\u00dfer und f\u00fcr Therapeuten, die Musik zu Heilzwecken einsetzen.<\/p>\n<p lang=\"en-US\">Musik in 432 Hz klingt w\u00e4rmer und &#8220;weicher&#8221;. Wir f\u00fchlen den Klang in unserer Bauchregion, anstatt ihn nur \u00fcber die Ohren zu h\u00f6ren.<\/p>\n<p lang=\"en-US\">[\/three_fourth_last]<\/p>\n<p lang=\"en-US\">Ein besonderes Gef\u00fchl entlang der Wirbels\u00e4ule entsteht beim H\u00f6ren; Probiere es selbst mal aus&#8230; Es klingt einfach &#8220;runder&#8221;. Bitte benutze dazu aber in jedem Fall gute Lautsprecherboxen oder Kopfh\u00f6rer. Das H\u00f6ren von Musik \u00fcber Laptop- oder Smartphone-Lautsprecher &#8211; heute leider oft praktiziert &#8211; kann in keiner Weise wohltuend sein, egal in welcher Frequenz! Die technischen Spezifikationen so kleiner Lautsprecher sind f\u00fcr wirkliche &#8220;Kl\u00e4nge&#8221; v\u00f6llig ungeeignet. Nimm Dir die Zeit und h\u00f6re Musik zum Entspannen \u00fcber eine vern\u00fcnftige Anlage. Diese l\u00e4sst sich \u00fcbrigens ohne Weiteres auch an Dein Smartphone oder an Deinen Laptop anschlie\u00dfen. Dazu muss lediglich die Verbindung mit einem Kabel oder sogar drahtlos hergestellt werden.<\/p>\n<p lang=\"en-US\">[two_third]<\/p>\n<p lang=\"en-US\">Die f\u00fcr unsere heutige &#8220;Standardmusik&#8221; verwendete Frequenz betr\u00e4gt 440 Hz. Diese Frequenz breitet sich &#8220;linearer&#8221; aus &#8211; wir nehmen den Klang gef\u00fchlt mehr \u00fcber die Seiten des Kopfes wahr. Im Vergleich zu 432 Hz f\u00fchlt es sich dabei &#8220;oberfl\u00e4chlicher&#8221; an.<\/p>\n<p lang=\"en-US\">440 Hz stimuliert die linke Gehirnh\u00e4lfte (das bewusste Denken), was im Extrem Stress und \u00c4ngste verst\u00e4rken kann. Wir f\u00fchlen uns schon bald unausgeglichen.\u00a0Vielleicht hast Du schon einmal diese Erfahrung gemacht &#8211; zum Beispiel nach langem H\u00f6ren eines Radiosenders, der nur aktuelle Songs spielt (die ausnahmslos in 440 Hz aufgenommen sind).<\/p>\n<p lang=\"en-US\">[\/two_third]<\/p>\n<p lang=\"en-US\">[one_third_last padding=&#8221;0 0 0 15px&#8221;]<\/p>\n<p lang=\"en-US\" style=\"text-align: center;\"><a href=\"http:\/\/amzn.to\/2hxV6ag\" target=\"_blank\" rel=\"noopener\"><img loading=\"lazy\" decoding=\"async\" class=\"aligncenter wp-image-207 size-medium\" src=\"http:\/\/relaxingmusic.website\/de\/wp-content\/uploads\/sites\/5\/2015\/10\/432-hz-soundwave-300x225.jpg\" alt=\"432 Hz Entspannungsmusik Soundwave\" width=\"300\" height=\"225\" srcset=\"https:\/\/relaxingmusic.website\/de\/wp-content\/uploads\/sites\/5\/2015\/10\/432-hz-soundwave-300x225.jpg 300w, https:\/\/relaxingmusic.website\/de\/wp-content\/uploads\/sites\/5\/2015\/10\/432-hz-soundwave.jpg 600w\" sizes=\"auto, (max-width: 300px) 100vw, 300px\" \/>432 Hz Musik bei Amazon*<\/a><\/p>\n<p lang=\"en-US\">[\/one_third_last]<\/p>\n<p lang=\"en-US\">Manchmal kann der Effekt von &#8220;Stressfrequenzen&#8221; wie 440 Hz durchaus erw\u00fcnscht sein &#8211; zum Beispiel bei schneller Tanzmusik oder in den Bereichen Techno, House, Metal; um m\u00f6glichst viel Aufmerksamkeit beim H\u00f6rer zu wecken.<\/p>\n<p lang=\"en-US\"><a href=\"https:\/\/relaxingmusic.website\/de\/relaxing-music-shop\/#432\"><img loading=\"lazy\" decoding=\"async\" class=\"aligncenter wp-image-570 size-full\" src=\"http:\/\/relaxingmusic.website\/de\/wp-content\/uploads\/sites\/5\/2016\/09\/432-Hz-Musik-anhoeren-Button.png\" alt=\"432 Hz h\u00f6ren\" width=\"412\" height=\"54\" srcset=\"https:\/\/relaxingmusic.website\/de\/wp-content\/uploads\/sites\/5\/2016\/09\/432-Hz-Musik-anhoeren-Button.png 412w, https:\/\/relaxingmusic.website\/de\/wp-content\/uploads\/sites\/5\/2016\/09\/432-Hz-Musik-anhoeren-Button-300x39.png 300w\" sizes=\"auto, (max-width: 412px) 100vw, 412px\" \/><\/a><\/p>\n<p lang=\"en-US\">Es existieren auch durchaus umstrittene Behauptungen, die nur unzureichend belegt sind: So warnte der bekannte Esoteriker Rudolf Steiner vor 440 Hz mit der Begr\u00fcndung, diese Frequenz f\u00f6rdere antisoziales Verhalten und Aggression.<\/p>\n<p lang=\"en-US\">Geschichtlich gesehen gibt es zahlreiche Berichte \u00fcber die 432 Hz Stimmung. Die Sumerer, \u00c4gypter und Griechen stimmten ihre Instrumente zwischen 430 und 432 Hz. Auch Mozart und Verdi bestanden darauf, dass ihre Werke mit dieser Stimmung gespielt werden sollten.<\/p>\n<p lang=\"en-US\">[one_half]<\/p>\n<p lang=\"en-US\" style=\"text-align: center;\"><a href=\"http:\/\/amzn.to\/2imsGSL\" target=\"_blank\" rel=\"noopener\"><img loading=\"lazy\" decoding=\"async\" class=\"aligncenter wp-image-212\" src=\"http:\/\/relaxingmusic.website\/entspannungsmusik\/wp-content\/uploads\/sites\/5\/2015\/10\/432hz-mozart-300x141.jpg\" alt=\"432 Hz Meditationsmusik Mozart\" width=\"325\" height=\"153\" srcset=\"https:\/\/relaxingmusic.website\/de\/wp-content\/uploads\/sites\/5\/2015\/10\/432hz-mozart-300x141.jpg 300w, https:\/\/relaxingmusic.website\/de\/wp-content\/uploads\/sites\/5\/2015\/10\/432hz-mozart.jpg 438w\" sizes=\"auto, (max-width: 325px) 100vw, 325px\" \/><\/a><a href=\"http:\/\/amzn.to\/2imsGSL\" target=\"_blank\" rel=\"noopener\">Musik in 432 Hz bei Amazon*<\/a><\/p>\n<p lang=\"en-US\">[\/one_half]<\/p>\n<p lang=\"en-US\">[one_half_last padding=&#8221;0 0 0 15px&#8221;]<\/p>\n<p lang=\"en-US\">Erst 1939 wurde der Standard-Kammerton aus reiner Bequemlichkeit\u00a0auf 440 Hz festgelegt. Viele Musiker weltweit setzten (und setzen) sich seither da\u00fcr ein, dies wieder r\u00fcckg\u00e4ngig zu machen; darunter sind gro\u00dfe Namen zu finden wie Luciano Pavarotti, Placido Domingo, Birgit Nilsson, Joan Sutherland, Montserrat Caballe, Richard Strauss.<\/p>\n<p lang=\"en-US\">[\/one_half_last]<\/p>\n<h5 lang=\"en-US\">Meine pers\u00f6nliche Erfahrung mit 432 Hz<\/h5>\n<p lang=\"en-US\">Auf jeden Fall klingt diese Frequenz w\u00e4rmer und weicher als die Standard-440-Hz-Stimmung. Man verleiht der Musik durch die 432 Hz Stimmung eine subtile Sanftheit und Vertrautheit. Ich habe neben 432 Hz auch viele weitere Frequenzen zum Entspannen getestet &#8211; sowohl als Zuh\u00f6rer, als auch als aktiver Musiker. Verschiedene Frequenzen \/ verschiedene Stimmungen k\u00f6nnen ein und demselben Musikst\u00fcck einen v\u00f6llig anderen Charakter verleihen. Neben 432 Hz gibt es noch viele weitere interessante Stimmungen, zum Beispield die\u00a0<a href=\"http:\/\/relaxingmusic.website\/de\/die-solfeggio-frequenzen-heilende-musik\/\" target=\"_blank\" rel=\"noopener\">Solfeggio Frequenzen<\/a>.<\/p>\n<p lang=\"en-US\">[two_third padding=&#8221;0 15px 0 0&#8243;]<\/p>\n<p lang=\"en-US\">Ich halte es f\u00fcr wichtig, die Verwendung einer bestimmten Frequenz immer im Zusammenhang mit dem Ziel zu sehen, das man mit einer bestimmten Musik erreichen m\u00f6chte!<\/p>\n<p lang=\"en-US\">F\u00fcr Songs aus den Bereichen Funk oder Swing k\u00f6nnen beispielsweise Stimmungen von 437 Hz oder 444 Hz interessant sein (neben vielen weiteren). 444 Hz k\u00f6nnen einem St\u00fcck\u00a0mehr\u00a0Helligkeit und Lebendigkeit verleihen.<\/p>\n<p lang=\"en-US\">[\/two_third]<\/p>\n<p lang=\"en-US\">[one_third_last]<\/p>\n<p lang=\"en-US\"><a href=\"http:\/\/amzn.to\/2iqJ8DG\" target=\"_blank\" rel=\"noopener\"><img loading=\"lazy\" decoding=\"async\" class=\"aligncenter wp-image-213\" src=\"http:\/\/relaxingmusic.website\/entspannungsmusik\/wp-content\/uploads\/sites\/5\/2015\/10\/432hz-violin-vs-guitar-300x202.jpg\" alt=\"432 Hz Musik Geige\" width=\"278\" height=\"187\" srcset=\"https:\/\/relaxingmusic.website\/de\/wp-content\/uploads\/sites\/5\/2015\/10\/432hz-violin-vs-guitar-300x202.jpg 300w, https:\/\/relaxingmusic.website\/de\/wp-content\/uploads\/sites\/5\/2015\/10\/432hz-violin-vs-guitar.jpg 500w\" sizes=\"auto, (max-width: 278px) 100vw, 278px\" \/><\/a><\/p>\n<p lang=\"en-US\">[\/one_third_last]<\/p>\n<p lang=\"en-US\">Vor allem Blechbl\u00e4ser oder Streichinstrumente klingen bei h\u00f6heren Stimmungen von Haus aus lauter. Hohe Stimmungen eignen sich gut f\u00fcr Tanzmusik, bzw. wenn man Aufmerksamkeit durch den Klang erzeugen will. Zum Entspannen und f\u00fcr tiefe Ruhe ist 432 Hz mit Sicherheit eine sehr gute Wahl. Diese Frequenz &#8220;f\u00fchlt&#8221; sich einfach gut an!<\/p>\n<p lang=\"en-US\"><a href=\"https:\/\/relaxingmusic.website\/de\/relaxing-music-shop\/#432\"><img loading=\"lazy\" decoding=\"async\" class=\"aligncenter wp-image-570 size-full\" src=\"http:\/\/relaxingmusic.website\/de\/wp-content\/uploads\/sites\/5\/2016\/09\/432-Hz-Musik-anhoeren-Button.png\" alt=\"432 Hz h\u00f6ren\" width=\"412\" height=\"54\" srcset=\"https:\/\/relaxingmusic.website\/de\/wp-content\/uploads\/sites\/5\/2016\/09\/432-Hz-Musik-anhoeren-Button.png 412w, https:\/\/relaxingmusic.website\/de\/wp-content\/uploads\/sites\/5\/2016\/09\/432-Hz-Musik-anhoeren-Button-300x39.png 300w\" sizes=\"auto, (max-width: 412px) 100vw, 412px\" \/><\/a><\/p>\n<h5 lang=\"en-US\">Wie sollte man 432 Hz Musik\u00a0h\u00f6ren?<\/h5>\n<p lang=\"en-US\">[one_half]<\/p>\n<p lang=\"en-US\">Ein wichtiger Aspekt bei allen Arten von Musik &#8211; speziell bei Entspannungsmusik die auf der Verwendung bestimmter Frequenzen beruht &#8211; ist die Wahl der Lautsprecher!<\/p>\n<p lang=\"en-US\">Bitte h\u00f6re keine\u00a0Entspannungsmusik durch die Lautsprecher Deines Smartphones, Laptops oder Tablets. Leider wird das heute vermehrt so praktiziert, obwohl Musik egal welcher Art ein gro\u00dfes Frequenzspektrum ben\u00f6tigt, um voll zu klingen und wirklich eine Wirkung zu haben.<\/p>\n<p lang=\"en-US\">[\/one_half]<\/p>\n<p lang=\"en-US\">[one_half_last padding=&#8221;0 0 0 15px&#8221;]<\/p>\n<p lang=\"en-US\" style=\"text-align: center;\"><a href=\"https:\/\/amzn.to\/2s79LRM\" target=\"_blank\" rel=\"noopener\"><img loading=\"lazy\" decoding=\"async\" class=\"aligncenter wp-image-607 size-full\" src=\"http:\/\/relaxingmusic.website\/de\/wp-content\/uploads\/sites\/5\/2015\/09\/speaker-meditation-music.jpg\" alt=\"Meditationsmusik Lautsprecher\" width=\"320\" height=\"240\" srcset=\"https:\/\/relaxingmusic.website\/de\/wp-content\/uploads\/sites\/5\/2015\/09\/speaker-meditation-music.jpg 320w, https:\/\/relaxingmusic.website\/de\/wp-content\/uploads\/sites\/5\/2015\/09\/speaker-meditation-music-300x225.jpg 300w\" sizes=\"auto, (max-width: 320px) 100vw, 320px\" \/>Lautsprecher bei Amazon*<\/a><\/p>\n<p lang=\"en-US\">[\/one_half_last]<\/p>\n<p lang=\"en-US\">Die winzigen Lautsprecher von Smartphones und Co. haben eine extrem schmale Frequenz-Bandbreite und k\u00f6nnen nur eine stark beschnittene Version eines Musikst\u00fccks wiedergeben. Daher sind diese Lautsprecher auch f\u00fcr Entspannungsmusik v\u00f6llig ungeeignet. Sie erzeugen sogar Stress anstatt Entspannung.<\/p>\n<p lang=\"en-US\"><em>*Affiliatelinks\/Werbelinks:<\/em><br \/>\n<em>Die mit Sternchen (*) gekennzeichneten Links sind sogenannte Affiliate-Links. Wenn du auf so einen Affiliate-Link klickst und \u00fcber diesen Link einkaufst, bekomme ich von dem betreffenden Online-Shop oder Anbieter eine Provision. F\u00fcr dich ver\u00e4ndert sich der Preis nicht.<\/em><\/p>\n<p lang=\"en-US\">\n","protected":false},"excerpt":{"rendered":"<p>[two_third] Musik kann vieles f\u00fcr uns sein: Freude, Mittel zum Entspannen, ein heilender &#8220;Klangteppich&#8221; &#8211; aber auch Ursache f\u00fcr Unwohlsein. Ein wichtiger Aspekt bei der Art und Weise wie ein Musikst\u00fcck wirkt, ist die Wahl des Kammertons A &#8211; auch<\/p>\n","protected":false},"author":1,"featured_media":101,"parent":0,"menu_order":0,"comment_status":"closed","ping_status":"closed","template":"","meta":{"_crdt_document":"","ghostkit_customizer_options":"","ghostkit_custom_css":"","ghostkit_custom_js_head":"","ghostkit_custom_js_foot":"","ghostkit_typography":"","cybocfi_hide_featured_image":"","footnotes":""},"class_list":["post-960","page","type-page","status-publish","has-post-thumbnail","hentry"],"yoast_head":"<!-- This site is optimized with the Yoast SEO plugin v27.4 - https:\/\/yoast.com\/product\/yoast-seo-wordpress\/ -->\n<title>432 Hz - Relaxing Music<\/title>\n<meta name=\"robots\" content=\"index, follow, max-snippet:-1, max-image-preview:large, max-video-preview:-1\" \/>\n<link rel=\"canonical\" href=\"https:\/\/relaxingmusic.website\/de\/432-hz\/\" \/>\n<meta name=\"twitter:card\" content=\"summary_large_image\" \/>\n<meta name=\"twitter:title\" content=\"432 Hz - Relaxing Music\" \/>\n<meta name=\"twitter:description\" content=\"[two_third] Musik kann vieles f\u00fcr uns sein: Freude, Mittel zum Entspannen, ein heilender &#8220;Klangteppich&#8221; &#8211; aber auch Ursache f\u00fcr Unwohlsein. Ein wichtiger Aspekt bei der Art und Weise wie ein Musikst\u00fcck wirkt, ist die Wahl des Kammertons A &#8211; auch\" \/>\n<meta name=\"twitter:image\" content=\"https:\/\/relaxingmusic.website\/de\/wp-content\/uploads\/sites\/5\/2015\/10\/Business-Logo-432.png\" \/>\n<meta name=\"twitter:label1\" content=\"Gesch\u00e4tzte Lesezeit\" \/>\n\t<meta name=\"twitter:data1\" content=\"5\u00a0Minuten\" \/>\n<script type=\"application\/ld+json\" class=\"yoast-schema-graph\">{\"@context\":\"https:\\\/\\\/schema.org\",\"@graph\":[{\"@type\":\"WebPage\",\"@id\":\"https:\\\/\\\/relaxingmusic.website\\\/de\\\/432-hz\\\/\",\"url\":\"https:\\\/\\\/relaxingmusic.website\\\/de\\\/432-hz\\\/\",\"name\":\"432 Hz - Relaxing Music\",\"isPartOf\":{\"@id\":\"https:\\\/\\\/relaxingmusic.website\\\/de\\\/#website\"},\"primaryImageOfPage\":{\"@id\":\"https:\\\/\\\/relaxingmusic.website\\\/de\\\/432-hz\\\/#primaryimage\"},\"image\":{\"@id\":\"https:\\\/\\\/relaxingmusic.website\\\/de\\\/432-hz\\\/#primaryimage\"},\"thumbnailUrl\":\"https:\\\/\\\/relaxingmusic.website\\\/de\\\/wp-content\\\/uploads\\\/sites\\\/5\\\/2015\\\/10\\\/Business-Logo-432.png\",\"datePublished\":\"2018-05-12T19:04:48+00:00\",\"dateModified\":\"2018-05-27T19:32:27+00:00\",\"breadcrumb\":{\"@id\":\"https:\\\/\\\/relaxingmusic.website\\\/de\\\/432-hz\\\/#breadcrumb\"},\"inLanguage\":\"de\",\"potentialAction\":[{\"@type\":\"ReadAction\",\"target\":[\"https:\\\/\\\/relaxingmusic.website\\\/de\\\/432-hz\\\/\"]}]},{\"@type\":\"ImageObject\",\"inLanguage\":\"de\",\"@id\":\"https:\\\/\\\/relaxingmusic.website\\\/de\\\/432-hz\\\/#primaryimage\",\"url\":\"https:\\\/\\\/relaxingmusic.website\\\/de\\\/wp-content\\\/uploads\\\/sites\\\/5\\\/2015\\\/10\\\/Business-Logo-432.png\",\"contentUrl\":\"https:\\\/\\\/relaxingmusic.website\\\/de\\\/wp-content\\\/uploads\\\/sites\\\/5\\\/2015\\\/10\\\/Business-Logo-432.png\",\"width\":200,\"height\":200,\"caption\":\"432 Hz - zum Entspannen - Indische Meditationsmusik\"},{\"@type\":\"BreadcrumbList\",\"@id\":\"https:\\\/\\\/relaxingmusic.website\\\/de\\\/432-hz\\\/#breadcrumb\",\"itemListElement\":[{\"@type\":\"ListItem\",\"position\":1,\"name\":\"Home\",\"item\":\"https:\\\/\\\/relaxingmusic.website\\\/de\\\/\"},{\"@type\":\"ListItem\",\"position\":2,\"name\":\"432 Hz\"}]},{\"@type\":\"WebSite\",\"@id\":\"https:\\\/\\\/relaxingmusic.website\\\/de\\\/#website\",\"url\":\"https:\\\/\\\/relaxingmusic.website\\\/de\\\/\",\"name\":\"Relaxing Music\",\"description\":\"\",\"publisher\":{\"@id\":\"https:\\\/\\\/relaxingmusic.website\\\/de\\\/#organization\"},\"potentialAction\":[{\"@type\":\"SearchAction\",\"target\":{\"@type\":\"EntryPoint\",\"urlTemplate\":\"https:\\\/\\\/relaxingmusic.website\\\/de\\\/?s={search_term_string}\"},\"query-input\":{\"@type\":\"PropertyValueSpecification\",\"valueRequired\":true,\"valueName\":\"search_term_string\"}}],\"inLanguage\":\"de\"},{\"@type\":\"Organization\",\"@id\":\"https:\\\/\\\/relaxingmusic.website\\\/de\\\/#organization\",\"name\":\"Relaxing Music\",\"url\":\"https:\\\/\\\/relaxingmusic.website\\\/de\\\/\",\"logo\":{\"@type\":\"ImageObject\",\"inLanguage\":\"de\",\"@id\":\"https:\\\/\\\/relaxingmusic.website\\\/de\\\/#\\\/schema\\\/logo\\\/image\\\/\",\"url\":\"https:\\\/\\\/relaxingmusic.website\\\/de\\\/wp-content\\\/uploads\\\/sites\\\/5\\\/2017\\\/10\\\/Logo-Relaxingmusic-White.jpg\",\"contentUrl\":\"https:\\\/\\\/relaxingmusic.website\\\/de\\\/wp-content\\\/uploads\\\/sites\\\/5\\\/2017\\\/10\\\/Logo-Relaxingmusic-White.jpg\",\"width\":552,\"height\":120,\"caption\":\"Relaxing Music\"},\"image\":{\"@id\":\"https:\\\/\\\/relaxingmusic.website\\\/de\\\/#\\\/schema\\\/logo\\\/image\\\/\"},\"sameAs\":[\"https:\\\/\\\/www.facebook.com\\\/SoothingRelaxingMusic\",\"https:\\\/\\\/www.youtube.com\\\/channel\\\/UCUNQ_5VaJPqpK5ZNRrI3SZw\"]}]}<\/script>\n<!-- \/ Yoast SEO plugin. -->","yoast_head_json":{"title":"432 Hz - Relaxing Music","robots":{"index":"index","follow":"follow","max-snippet":"max-snippet:-1","max-image-preview":"max-image-preview:large","max-video-preview":"max-video-preview:-1"},"canonical":"https:\/\/relaxingmusic.website\/de\/432-hz\/","twitter_card":"summary_large_image","twitter_title":"432 Hz - Relaxing Music","twitter_description":"[two_third] Musik kann vieles f\u00fcr uns sein: Freude, Mittel zum Entspannen, ein heilender &#8220;Klangteppich&#8221; &#8211; aber auch Ursache f\u00fcr Unwohlsein. Ein wichtiger Aspekt bei der Art und Weise wie ein Musikst\u00fcck wirkt, ist die Wahl des Kammertons A &#8211; auch","twitter_image":"https:\/\/relaxingmusic.website\/de\/wp-content\/uploads\/sites\/5\/2015\/10\/Business-Logo-432.png","twitter_misc":{"Gesch\u00e4tzte Lesezeit":"5\u00a0Minuten"},"schema":{"@context":"https:\/\/schema.org","@graph":[{"@type":"WebPage","@id":"https:\/\/relaxingmusic.website\/de\/432-hz\/","url":"https:\/\/relaxingmusic.website\/de\/432-hz\/","name":"432 Hz - Relaxing Music","isPartOf":{"@id":"https:\/\/relaxingmusic.website\/de\/#website"},"primaryImageOfPage":{"@id":"https:\/\/relaxingmusic.website\/de\/432-hz\/#primaryimage"},"image":{"@id":"https:\/\/relaxingmusic.website\/de\/432-hz\/#primaryimage"},"thumbnailUrl":"https:\/\/relaxingmusic.website\/de\/wp-content\/uploads\/sites\/5\/2015\/10\/Business-Logo-432.png","datePublished":"2018-05-12T19:04:48+00:00","dateModified":"2018-05-27T19:32:27+00:00","breadcrumb":{"@id":"https:\/\/relaxingmusic.website\/de\/432-hz\/#breadcrumb"},"inLanguage":"de","potentialAction":[{"@type":"ReadAction","target":["https:\/\/relaxingmusic.website\/de\/432-hz\/"]}]},{"@type":"ImageObject","inLanguage":"de","@id":"https:\/\/relaxingmusic.website\/de\/432-hz\/#primaryimage","url":"https:\/\/relaxingmusic.website\/de\/wp-content\/uploads\/sites\/5\/2015\/10\/Business-Logo-432.png","contentUrl":"https:\/\/relaxingmusic.website\/de\/wp-content\/uploads\/sites\/5\/2015\/10\/Business-Logo-432.png","width":200,"height":200,"caption":"432 Hz - zum Entspannen - Indische Meditationsmusik"},{"@type":"BreadcrumbList","@id":"https:\/\/relaxingmusic.website\/de\/432-hz\/#breadcrumb","itemListElement":[{"@type":"ListItem","position":1,"name":"Home","item":"https:\/\/relaxingmusic.website\/de\/"},{"@type":"ListItem","position":2,"name":"432 Hz"}]},{"@type":"WebSite","@id":"https:\/\/relaxingmusic.website\/de\/#website","url":"https:\/\/relaxingmusic.website\/de\/","name":"Relaxing Music","description":"","publisher":{"@id":"https:\/\/relaxingmusic.website\/de\/#organization"},"potentialAction":[{"@type":"SearchAction","target":{"@type":"EntryPoint","urlTemplate":"https:\/\/relaxingmusic.website\/de\/?s={search_term_string}"},"query-input":{"@type":"PropertyValueSpecification","valueRequired":true,"valueName":"search_term_string"}}],"inLanguage":"de"},{"@type":"Organization","@id":"https:\/\/relaxingmusic.website\/de\/#organization","name":"Relaxing Music","url":"https:\/\/relaxingmusic.website\/de\/","logo":{"@type":"ImageObject","inLanguage":"de","@id":"https:\/\/relaxingmusic.website\/de\/#\/schema\/logo\/image\/","url":"https:\/\/relaxingmusic.website\/de\/wp-content\/uploads\/sites\/5\/2017\/10\/Logo-Relaxingmusic-White.jpg","contentUrl":"https:\/\/relaxingmusic.website\/de\/wp-content\/uploads\/sites\/5\/2017\/10\/Logo-Relaxingmusic-White.jpg","width":552,"height":120,"caption":"Relaxing Music"},"image":{"@id":"https:\/\/relaxingmusic.website\/de\/#\/schema\/logo\/image\/"},"sameAs":["https:\/\/www.facebook.com\/SoothingRelaxingMusic","https:\/\/www.youtube.com\/channel\/UCUNQ_5VaJPqpK5ZNRrI3SZw"]}]}},"_links":{"self":[{"href":"https:\/\/relaxingmusic.website\/de\/wp-json\/wp\/v2\/pages\/960","targetHints":{"allow":["GET"]}}],"collection":[{"href":"https:\/\/relaxingmusic.website\/de\/wp-json\/wp\/v2\/pages"}],"about":[{"href":"https:\/\/relaxingmusic.website\/de\/wp-json\/wp\/v2\/types\/page"}],"author":[{"embeddable":true,"href":"https:\/\/relaxingmusic.website\/de\/wp-json\/wp\/v2\/users\/1"}],"replies":[{"embeddable":true,"href":"https:\/\/relaxingmusic.website\/de\/wp-json\/wp\/v2\/comments?post=960"}],"version-history":[{"count":0,"href":"https:\/\/relaxingmusic.website\/de\/wp-json\/wp\/v2\/pages\/960\/revisions"}],"wp:featuredmedia":[{"embeddable":true,"href":"https:\/\/relaxingmusic.website\/de\/wp-json\/wp\/v2\/media\/101"}],"wp:attachment":[{"href":"https:\/\/relaxingmusic.website\/de\/wp-json\/wp\/v2\/media?parent=960"}],"curies":[{"name":"wp","href":"https:\/\/api.w.org\/{rel}","templated":true}]}}