{"id":962,"date":"2018-05-12T21:10:49","date_gmt":"2018-05-12T19:10:49","guid":{"rendered":"http:\/\/relaxingmusic.website\/de\/?page_id=962"},"modified":"2021-11-18T17:25:51","modified_gmt":"2021-11-18T16:25:51","slug":"meditationsmusik-yogamusik","status":"publish","type":"page","link":"https:\/\/relaxingmusic.website\/de\/meditationsmusik-yogamusik\/","title":{"rendered":"Meditationsmusik"},"content":{"rendered":"<ul class=\"sxc-follow-buttons\"><li class=\"sxc-follow-button\">\n                        <a\n                            href=\"https:\/\/business.facebook.com\/SoothingRelaxingMusic\"\n                            \n                            title=\"Facebook\"\n                            target=\"_self\"\n                        >\n                            <img decoding=\"async\"\n                                src=\"https:\/\/relaxingmusic.website\/de\/wp-content\/plugins\/social-media-buttons-toolbar\/inc\/img\/social-media-icons\/facebook.png\"\n                                alt=\"Facebook\"\n                            \/>\n                        <\/a>\n                    <\/li><li class=\"sxc-follow-button\">\n                        <a\n                            href=\"https:\/\/www.youtube.com\/channel\/UCUNQ_5VaJPqpK5ZNRrI3SZw?sub_confirmation=1\"\n                            \n                            title=\"YouTube\"\n                            target=\"_self\"\n                        >\n                            <img decoding=\"async\"\n                                src=\"https:\/\/relaxingmusic.website\/de\/wp-content\/plugins\/social-media-buttons-toolbar\/inc\/img\/social-media-icons\/youtube.png\"\n                                alt=\"YouTube\"\n                            \/>\n                        <\/a>\n                    <\/li><\/ul>\n\n\n\n<div style=\"height:25px\" aria-hidden=\"true\" class=\"wp-block-spacer\"><\/div>\n\n\n<h5 lang=\"en-US\">Arten von Meditationsmusik<\/h5>\n<p lang=\"en-US\">Das Wort Meditation kommt aus dem lateinischen &#8220;Meditatio&#8221; und seiner Bedeutung &#8220;Nachdenken, Nachsinnen, sich vorbereiten&#8221;.<\/p>\n<p lang=\"en-US\">Meditation ist hervorragend dazu geeignet, K\u00f6rper und Geist zu st\u00e4rken und in Einklang zu bringen.<\/p>\n<p lang=\"en-US\">\u00a0<\/p>\n<p lang=\"en-US\" style=\"text-align: center;\"><img loading=\"lazy\" decoding=\"async\" class=\"alignnone wp-image-132 size-full\" src=\"https:\/\/relaxingmusic.website\/de\/wp-content\/uploads\/sites\/5\/2015\/10\/meditation-music-pic1.jpg\" alt=\"Meditationsmusik stilles Wasser\" width=\"360\" height=\"118\" srcset=\"https:\/\/relaxingmusic.website\/de\/wp-content\/uploads\/sites\/5\/2015\/10\/meditation-music-pic1.jpg 360w, https:\/\/relaxingmusic.website\/de\/wp-content\/uploads\/sites\/5\/2015\/10\/meditation-music-pic1-300x98.jpg 300w\" sizes=\"auto, (max-width: 360px) 100vw, 360px\" \/><\/p>\n<p lang=\"en-US\">Der meditative Zustand kann neurologisch anhand von Gehirnwellen gemessen werden. Der Herzschlag verlangsamt sich, die Atmung vertieft sich, die Anspannung weicht aus den Muskeln. Meditation war in diversen Formen in allen Religionen und Kulturen schon immer Bestandteil von spirituellen Prozeduren.<\/p>\n<p lang=\"en-US\">Man unterscheidet zwischen der passiven Meditation (Ruhe und Besinnlichkeit) und der aktiven Meditation (Yoga, Tanzen, Kampfkunst, Gesang).<\/p>\n<p lang=\"en-US\">Rhythmische Kl\u00e4nge erleichtern die Meditation deutlich, da jeder Mensch angeborene Rhythmik und Musikalit\u00e4t besitzt, die in der Kindheit mehr oder weniger gef\u00f6rdert wird. Unsere Vorfahren wussten viel von der Macht der Musik, was sich in vielen traditionellen und spirituellen Liedern reflektiert. Heute werden ihre Effekte unter anderem in der Musiktherapie gezielt eingesetzt.<\/p>\n<p lang=\"en-US\">\u00a0<\/p>\n<p lang=\"en-US\"><a href=\"http:\/\/relaxingmusic.website\/de\/432-hz-indische-meditationsmusik\/\"><img loading=\"lazy\" decoding=\"async\" class=\"aligncenter size-full wp-image-589\" src=\"http:\/\/relaxingmusic.website\/de\/wp-content\/uploads\/sites\/5\/2015\/09\/Meditationsmusik-anhoeren-Button.png\" alt=\"Meditationsmusik Download\" width=\"412\" height=\"54\" srcset=\"https:\/\/relaxingmusic.website\/de\/wp-content\/uploads\/sites\/5\/2015\/09\/Meditationsmusik-anhoeren-Button.png 412w, https:\/\/relaxingmusic.website\/de\/wp-content\/uploads\/sites\/5\/2015\/09\/Meditationsmusik-anhoeren-Button-300x39.png 300w\" sizes=\"auto, (max-width: 412px) 100vw, 412px\" \/><\/a><\/p>\n<p lang=\"en-US\">\u00a0<\/p>\n<p lang=\"en-US\"><img loading=\"lazy\" decoding=\"async\" class=\"wp-image-134 aligncenter\" src=\"http:\/\/relaxingmusic.website\/entspannungsmusik\/wp-content\/uploads\/sites\/5\/2015\/10\/meditation-music-pic2.jpg\" alt=\"Meditationsmusik flie\u00c3\u0178endes Wasser\" width=\"234\" height=\"128\" \/><\/p>\n<p lang=\"en-US\">Meditationsmusik enth\u00e4lt bestenfalls ruhige Naturkl\u00e4nge im Hintergrund, zum Beispiel das Ger\u00e4usch flie\u00dfenden Wassers. Solche Kl\u00e4nge sind seit Uhrzeiten in unserem Unbewussten verankert und haben auf uns eine beruhigende Wirkung.\u00a0Diese Kl\u00e4nge\u00a0eignen sich dar\u00fcberhinaus nicht nur f\u00fcr Meditation, sondern auch f\u00fcr Massagen, Wellnessbehandlungen oder einfach zum Abschalten zwischendurch.<\/p>\n<p lang=\"en-US\">Meditationsmusik gibt es heute auch oft im praktischen MP3 Format &#8211; einige Empfehlungen dazu findest Du\u00a0<a href=\"http:\/\/www.amazon.de\/s\/ref=as_li_ss_tl?_encoding=UTF8&amp;camp=1638&amp;creative=19454&amp;field-keywords=meditation&amp;linkCode=ur2&amp;site-redirect=de&amp;sprefix=meditation%2Caps%2C184&amp;tag=relaxingmusic-21&amp;url=search-alias%3Ddigital-music\" target=\"_blank\" rel=\"noopener\">HIER*<\/a>.<\/p>\n<p lang=\"en-US\">Meditation verfolgt nicht immer nur das Ziel, reine Entspannung zu erzeugen. Auch Bewegung kann ein wichtiger Teil von ihr sein. Daher ist Meditationsmusik mehr als reine Entspannungsmusik mit dem Ziel, einen Zustand der Ruhe zu erzeugen oder Spannungen zu reduzieren. Meditationsmusik beinhaltet zwar Entspannungsmusik f\u00fcr die passive Meditation, deckt aber gleichzeitig auch ein dynamisches Spektrum von Trommel- oder anderer lebhafter Musik ab. Diese wird f\u00fcr die aktive Meditation verwendet!<\/p>\n<p lang=\"en-US\">Meditationsmusik kann unterteilt werden in Musik mit fern\u00f6stlichen oder westlichen Einfl\u00fcssen und in eine Mischung aus beiden Regionen (&#8220;New Age Musik&#8221;). Fern\u00f6stliche Meditationsmusik wird oft f\u00fcr Energiarbeit verwendet, die ihre Wurzeln in Asien hat &#8211; so zum Beispiel das Qi Gong oder Tai Chi Chuan. Auch die Meditation mit Klangschalen und ihrem langen, gleichm\u00e4\u00dfigen Ton z\u00e4hlt dazu. Der Klang dieser Schalen ber\u00fchrt Menschen oft tief in der Seele und kann durchaus einen therapeutischen Effekt haben.<\/p>\n<p lang=\"en-US\">In der Hippie \u00c4ra der 60er und 70er Jahre fand eine Vermischung der Musik aus Ost und West statt. Zu dieser Zeit reisten viele westliche Musiker vor allem nach Indien, um sich inspirieren zu lassen.<\/p>\n<p lang=\"en-US\">Bekannte Musikproduzenten wie Deuter, Karunesh oder Klaus Wiese lie\u00dfen vermehrt indische Elemente in westliche Musik einflie\u00dfen. So entstand ein v\u00f6llig neuer Klangstil mit dem Namen New Age Musik.<\/p>\n<p lang=\"en-US\">Sie macht einen Gro\u00dfteil der heutigen Meditationsmusik aus. Man h\u00f6rt darin traditionelle Instrumente Asiens, wie Sitar, Tabla oder Bambusfl\u00f6te; neben westlichen Instrumenten wie Keyboard, elektronischem Schlagzeug oder Gitarre.<\/p>\n<p lang=\"en-US\"><img loading=\"lazy\" decoding=\"async\" class=\"wp-image-136 aligncenter\" src=\"http:\/\/relaxingmusic.website\/entspannungsmusik\/wp-content\/uploads\/sites\/5\/2015\/10\/meditation-music-pic3.jpg\" alt=\"Meditation Music Buddha\" width=\"242\" height=\"169\" \/><\/p>\n<p lang=\"en-US\"><a href=\"http:\/\/relaxingmusic.website\/de\/solfeggio-frequenzen-528-hz-wirkung\/\"><img loading=\"lazy\" decoding=\"async\" class=\"aligncenter size-full wp-image-589\" src=\"http:\/\/relaxingmusic.website\/de\/wp-content\/uploads\/sites\/5\/2015\/09\/Meditationsmusik-anhoeren-Button.png\" alt=\"Meditationsmusik Download\" width=\"412\" height=\"54\" srcset=\"https:\/\/relaxingmusic.website\/de\/wp-content\/uploads\/sites\/5\/2015\/09\/Meditationsmusik-anhoeren-Button.png 412w, https:\/\/relaxingmusic.website\/de\/wp-content\/uploads\/sites\/5\/2015\/09\/Meditationsmusik-anhoeren-Button-300x39.png 300w\" sizes=\"auto, (max-width: 412px) 100vw, 412px\" \/><\/a><\/p>\n<p lang=\"en-US\">\u00a0<\/p>\n<p lang=\"en-US\">Oft enth\u00e4lt diese Musik Interpretationen traditioneller spiritueller Songs und Mantras. Westliche Meditationsmusik enth\u00e4lt haupts\u00e4chlich Klavier-, Streicher- und Gitarrenkl\u00e4nge oder &#8211; wenn sie spirituell wirken soll &#8211; gregorianische Ges\u00e4nge.<\/p>\n<p lang=\"en-US\">Meditationsmusik kann als Element im Hintergrund oder als Orientierungshilfe im Vordergrund verwendet werden. Auch durch das Mitsingen, zum Beispiel in Form von Mantras <a href=\"#mantra\">(s.u.)<\/a>, kann sie uns stark ansprechen. Musik in einer gef\u00fchrten Meditation oder Fantasiereise wird leise abgespielt, um den Worten des Sprechers als Klangteppich zu dienen. So kann sie auf Entspannung und Meditation vertiefend wirken.<\/p>\n<p lang=\"en-US\">Eine Ausnahme hierzu ist die Schamanische Reise, die \u00fcblicherweise von einem gut h\u00f6rbaren, energetischen Rhythmus begleitet wird. Hierzu werden gerne klassische Trommeln verwendet. Diese rhythmische Musik f\u00fchrt nicht in einen bewegungslosen Entspannungszustand, aber kann ebenso einen Trancezustand hervorrufen. Dieser Zustand hat die selbe Wirkung wie eine tiefe Entspannung.<\/p>\n<p lang=\"en-US\"><img loading=\"lazy\" decoding=\"async\" class=\"wp-image-137 size-full aligncenter\" src=\"https:\/\/relaxingmusic.website\/de\/wp-content\/uploads\/sites\/5\/2015\/10\/meditation-music-pic5.jpg\" alt=\"Meditation Music - Whirling Sufis\" width=\"309\" height=\"161\" srcset=\"https:\/\/relaxingmusic.website\/de\/wp-content\/uploads\/sites\/5\/2015\/10\/meditation-music-pic5.jpg 309w, https:\/\/relaxingmusic.website\/de\/wp-content\/uploads\/sites\/5\/2015\/10\/meditation-music-pic5-300x156.jpg 300w\" sizes=\"auto, (max-width: 309px) 100vw, 309px\" \/><\/p>\n<p lang=\"en-US\">W\u00e4hrend der dynamischen Meditation steht die Musik im Vordergrund. Das Tempo ist meistens recht schnell und der Rhythmus gut definiert.<\/p>\n<p lang=\"en-US\">Diese Musik motiviert den H\u00f6rer sich zu bewegen und bestimmte k\u00f6rperliche oder seelische Vorg\u00e4nge in Gang zu bringen.<\/p>\n<p lang=\"en-US\">In der passiven Meditation wird Entspannungsmusik haupts\u00e4chlich wegen ihrer beruhigenden Wirkung verwendet. Zur passiven Meditation geh\u00f6ren zum Beispiel all die dynamischen \u00dcbungen im Kundalini Yoga oder die tanzenden<a name=\"mantra\"><\/a> Dervishe im Sufismus.<\/p>\n<p lang=\"en-US\">Es gibt auch gesungene Meditationsmusik:\u00a0Mantras. Diese bestehen aus kurzen, eing\u00e4ngigen Melodien und werden mehrere Male wiederholt gesungen. In einer Gruppe hat das Singen von Mantras einen besonderen Effekt auf alle Teilnehmer. Durch das Singen wird das Unbewusste auf das eigentliche Ziel der Meditation gelenkt, w\u00e4hrend der bewusste Verstand mit der Melodie besch\u00e4ftigt ist. Mantras sind ein fester Bestandteil der\u00a0Yogamusik.<\/p>\n<p>\u00a0<\/p>","protected":false},"excerpt":{"rendered":"<p>Arten von Meditationsmusik Das Wort Meditation kommt aus dem lateinischen &#8220;Meditatio&#8221; und seiner Bedeutung &#8220;Nachdenken, Nachsinnen, sich vorbereiten&#8221;. Meditation ist hervorragend dazu geeignet, K\u00f6rper und Geist zu st\u00e4rken und in Einklang zu bringen. \u00a0 Der meditative Zustand kann neurologisch anhand<\/p>\n","protected":false},"author":1,"featured_media":102,"parent":0,"menu_order":0,"comment_status":"closed","ping_status":"closed","template":"","meta":{"_crdt_document":"","ghostkit_customizer_options":"","ghostkit_custom_css":"","ghostkit_custom_js_head":"","ghostkit_custom_js_foot":"","ghostkit_typography":"","cybocfi_hide_featured_image":"","footnotes":""},"class_list":["post-962","page","type-page","status-publish","has-post-thumbnail","hentry"],"yoast_head":"<!-- This site is optimized with the Yoast SEO plugin v27.5 - https:\/\/yoast.com\/product\/yoast-seo-wordpress\/ -->\n<title>Meditationsmusik - Relaxing Music<\/title>\n<meta name=\"robots\" content=\"index, follow, max-snippet:-1, max-image-preview:large, max-video-preview:-1\" \/>\n<link rel=\"canonical\" href=\"https:\/\/relaxingmusic.website\/de\/meditationsmusik-yogamusik\/\" \/>\n<meta name=\"twitter:card\" content=\"summary_large_image\" \/>\n<meta name=\"twitter:title\" content=\"Meditationsmusik - Relaxing Music\" \/>\n<meta name=\"twitter:description\" content=\"Arten von Meditationsmusik Das Wort Meditation kommt aus dem lateinischen &#8220;Meditatio&#8221; und seiner Bedeutung &#8220;Nachdenken, Nachsinnen, sich vorbereiten&#8221;. Meditation ist hervorragend dazu geeignet, K\u00f6rper und Geist zu st\u00e4rken und in Einklang zu bringen. \u00a0 Der meditative Zustand kann neurologisch anhand\" \/>\n<meta name=\"twitter:image\" content=\"https:\/\/relaxingmusic.website\/de\/wp-content\/uploads\/sites\/5\/2015\/10\/Business-Logo-Meditation.png\" \/>\n<meta name=\"twitter:label1\" content=\"Gesch\u00e4tzte Lesezeit\" \/>\n\t<meta name=\"twitter:data1\" content=\"5\u00a0Minuten\" \/>\n<script type=\"application\/ld+json\" class=\"yoast-schema-graph\">{\"@context\":\"https:\\\/\\\/schema.org\",\"@graph\":[{\"@type\":\"WebPage\",\"@id\":\"https:\\\/\\\/relaxingmusic.website\\\/de\\\/meditationsmusik-yogamusik\\\/\",\"url\":\"https:\\\/\\\/relaxingmusic.website\\\/de\\\/meditationsmusik-yogamusik\\\/\",\"name\":\"Meditationsmusik - Relaxing Music\",\"isPartOf\":{\"@id\":\"https:\\\/\\\/relaxingmusic.website\\\/de\\\/#website\"},\"primaryImageOfPage\":{\"@id\":\"https:\\\/\\\/relaxingmusic.website\\\/de\\\/meditationsmusik-yogamusik\\\/#primaryimage\"},\"image\":{\"@id\":\"https:\\\/\\\/relaxingmusic.website\\\/de\\\/meditationsmusik-yogamusik\\\/#primaryimage\"},\"thumbnailUrl\":\"https:\\\/\\\/relaxingmusic.website\\\/de\\\/wp-content\\\/uploads\\\/sites\\\/5\\\/2015\\\/10\\\/Business-Logo-Meditation.png\",\"datePublished\":\"2018-05-12T19:10:49+00:00\",\"dateModified\":\"2021-11-18T16:25:51+00:00\",\"breadcrumb\":{\"@id\":\"https:\\\/\\\/relaxingmusic.website\\\/de\\\/meditationsmusik-yogamusik\\\/#breadcrumb\"},\"inLanguage\":\"de\",\"potentialAction\":[{\"@type\":\"ReadAction\",\"target\":[\"https:\\\/\\\/relaxingmusic.website\\\/de\\\/meditationsmusik-yogamusik\\\/\"]}]},{\"@type\":\"ImageObject\",\"inLanguage\":\"de\",\"@id\":\"https:\\\/\\\/relaxingmusic.website\\\/de\\\/meditationsmusik-yogamusik\\\/#primaryimage\",\"url\":\"https:\\\/\\\/relaxingmusic.website\\\/de\\\/wp-content\\\/uploads\\\/sites\\\/5\\\/2015\\\/10\\\/Business-Logo-Meditation.png\",\"contentUrl\":\"https:\\\/\\\/relaxingmusic.website\\\/de\\\/wp-content\\\/uploads\\\/sites\\\/5\\\/2015\\\/10\\\/Business-Logo-Meditation.png\",\"width\":200,\"height\":200},{\"@type\":\"BreadcrumbList\",\"@id\":\"https:\\\/\\\/relaxingmusic.website\\\/de\\\/meditationsmusik-yogamusik\\\/#breadcrumb\",\"itemListElement\":[{\"@type\":\"ListItem\",\"position\":1,\"name\":\"Home\",\"item\":\"https:\\\/\\\/relaxingmusic.website\\\/de\\\/\"},{\"@type\":\"ListItem\",\"position\":2,\"name\":\"Meditationsmusik\"}]},{\"@type\":\"WebSite\",\"@id\":\"https:\\\/\\\/relaxingmusic.website\\\/de\\\/#website\",\"url\":\"https:\\\/\\\/relaxingmusic.website\\\/de\\\/\",\"name\":\"Relaxing Music\",\"description\":\"\",\"publisher\":{\"@id\":\"https:\\\/\\\/relaxingmusic.website\\\/de\\\/#organization\"},\"potentialAction\":[{\"@type\":\"SearchAction\",\"target\":{\"@type\":\"EntryPoint\",\"urlTemplate\":\"https:\\\/\\\/relaxingmusic.website\\\/de\\\/?s={search_term_string}\"},\"query-input\":{\"@type\":\"PropertyValueSpecification\",\"valueRequired\":true,\"valueName\":\"search_term_string\"}}],\"inLanguage\":\"de\"},{\"@type\":\"Organization\",\"@id\":\"https:\\\/\\\/relaxingmusic.website\\\/de\\\/#organization\",\"name\":\"Relaxing Music\",\"url\":\"https:\\\/\\\/relaxingmusic.website\\\/de\\\/\",\"logo\":{\"@type\":\"ImageObject\",\"inLanguage\":\"de\",\"@id\":\"https:\\\/\\\/relaxingmusic.website\\\/de\\\/#\\\/schema\\\/logo\\\/image\\\/\",\"url\":\"https:\\\/\\\/relaxingmusic.website\\\/de\\\/wp-content\\\/uploads\\\/sites\\\/5\\\/2017\\\/10\\\/Logo-Relaxingmusic-White.jpg\",\"contentUrl\":\"https:\\\/\\\/relaxingmusic.website\\\/de\\\/wp-content\\\/uploads\\\/sites\\\/5\\\/2017\\\/10\\\/Logo-Relaxingmusic-White.jpg\",\"width\":552,\"height\":120,\"caption\":\"Relaxing Music\"},\"image\":{\"@id\":\"https:\\\/\\\/relaxingmusic.website\\\/de\\\/#\\\/schema\\\/logo\\\/image\\\/\"},\"sameAs\":[\"https:\\\/\\\/www.facebook.com\\\/SoothingRelaxingMusic\",\"https:\\\/\\\/www.youtube.com\\\/channel\\\/UCUNQ_5VaJPqpK5ZNRrI3SZw\"]}]}<\/script>\n<!-- \/ Yoast SEO plugin. -->","yoast_head_json":{"title":"Meditationsmusik - Relaxing Music","robots":{"index":"index","follow":"follow","max-snippet":"max-snippet:-1","max-image-preview":"max-image-preview:large","max-video-preview":"max-video-preview:-1"},"canonical":"https:\/\/relaxingmusic.website\/de\/meditationsmusik-yogamusik\/","twitter_card":"summary_large_image","twitter_title":"Meditationsmusik - Relaxing Music","twitter_description":"Arten von Meditationsmusik Das Wort Meditation kommt aus dem lateinischen &#8220;Meditatio&#8221; und seiner Bedeutung &#8220;Nachdenken, Nachsinnen, sich vorbereiten&#8221;. Meditation ist hervorragend dazu geeignet, K\u00f6rper und Geist zu st\u00e4rken und in Einklang zu bringen. \u00a0 Der meditative Zustand kann neurologisch anhand","twitter_image":"https:\/\/relaxingmusic.website\/de\/wp-content\/uploads\/sites\/5\/2015\/10\/Business-Logo-Meditation.png","twitter_misc":{"Gesch\u00e4tzte Lesezeit":"5\u00a0Minuten"},"schema":{"@context":"https:\/\/schema.org","@graph":[{"@type":"WebPage","@id":"https:\/\/relaxingmusic.website\/de\/meditationsmusik-yogamusik\/","url":"https:\/\/relaxingmusic.website\/de\/meditationsmusik-yogamusik\/","name":"Meditationsmusik - Relaxing Music","isPartOf":{"@id":"https:\/\/relaxingmusic.website\/de\/#website"},"primaryImageOfPage":{"@id":"https:\/\/relaxingmusic.website\/de\/meditationsmusik-yogamusik\/#primaryimage"},"image":{"@id":"https:\/\/relaxingmusic.website\/de\/meditationsmusik-yogamusik\/#primaryimage"},"thumbnailUrl":"https:\/\/relaxingmusic.website\/de\/wp-content\/uploads\/sites\/5\/2015\/10\/Business-Logo-Meditation.png","datePublished":"2018-05-12T19:10:49+00:00","dateModified":"2021-11-18T16:25:51+00:00","breadcrumb":{"@id":"https:\/\/relaxingmusic.website\/de\/meditationsmusik-yogamusik\/#breadcrumb"},"inLanguage":"de","potentialAction":[{"@type":"ReadAction","target":["https:\/\/relaxingmusic.website\/de\/meditationsmusik-yogamusik\/"]}]},{"@type":"ImageObject","inLanguage":"de","@id":"https:\/\/relaxingmusic.website\/de\/meditationsmusik-yogamusik\/#primaryimage","url":"https:\/\/relaxingmusic.website\/de\/wp-content\/uploads\/sites\/5\/2015\/10\/Business-Logo-Meditation.png","contentUrl":"https:\/\/relaxingmusic.website\/de\/wp-content\/uploads\/sites\/5\/2015\/10\/Business-Logo-Meditation.png","width":200,"height":200},{"@type":"BreadcrumbList","@id":"https:\/\/relaxingmusic.website\/de\/meditationsmusik-yogamusik\/#breadcrumb","itemListElement":[{"@type":"ListItem","position":1,"name":"Home","item":"https:\/\/relaxingmusic.website\/de\/"},{"@type":"ListItem","position":2,"name":"Meditationsmusik"}]},{"@type":"WebSite","@id":"https:\/\/relaxingmusic.website\/de\/#website","url":"https:\/\/relaxingmusic.website\/de\/","name":"Relaxing Music","description":"","publisher":{"@id":"https:\/\/relaxingmusic.website\/de\/#organization"},"potentialAction":[{"@type":"SearchAction","target":{"@type":"EntryPoint","urlTemplate":"https:\/\/relaxingmusic.website\/de\/?s={search_term_string}"},"query-input":{"@type":"PropertyValueSpecification","valueRequired":true,"valueName":"search_term_string"}}],"inLanguage":"de"},{"@type":"Organization","@id":"https:\/\/relaxingmusic.website\/de\/#organization","name":"Relaxing Music","url":"https:\/\/relaxingmusic.website\/de\/","logo":{"@type":"ImageObject","inLanguage":"de","@id":"https:\/\/relaxingmusic.website\/de\/#\/schema\/logo\/image\/","url":"https:\/\/relaxingmusic.website\/de\/wp-content\/uploads\/sites\/5\/2017\/10\/Logo-Relaxingmusic-White.jpg","contentUrl":"https:\/\/relaxingmusic.website\/de\/wp-content\/uploads\/sites\/5\/2017\/10\/Logo-Relaxingmusic-White.jpg","width":552,"height":120,"caption":"Relaxing Music"},"image":{"@id":"https:\/\/relaxingmusic.website\/de\/#\/schema\/logo\/image\/"},"sameAs":["https:\/\/www.facebook.com\/SoothingRelaxingMusic","https:\/\/www.youtube.com\/channel\/UCUNQ_5VaJPqpK5ZNRrI3SZw"]}]}},"_links":{"self":[{"href":"https:\/\/relaxingmusic.website\/de\/wp-json\/wp\/v2\/pages\/962","targetHints":{"allow":["GET"]}}],"collection":[{"href":"https:\/\/relaxingmusic.website\/de\/wp-json\/wp\/v2\/pages"}],"about":[{"href":"https:\/\/relaxingmusic.website\/de\/wp-json\/wp\/v2\/types\/page"}],"author":[{"embeddable":true,"href":"https:\/\/relaxingmusic.website\/de\/wp-json\/wp\/v2\/users\/1"}],"replies":[{"embeddable":true,"href":"https:\/\/relaxingmusic.website\/de\/wp-json\/wp\/v2\/comments?post=962"}],"version-history":[{"count":0,"href":"https:\/\/relaxingmusic.website\/de\/wp-json\/wp\/v2\/pages\/962\/revisions"}],"wp:featuredmedia":[{"embeddable":true,"href":"https:\/\/relaxingmusic.website\/de\/wp-json\/wp\/v2\/media\/102"}],"wp:attachment":[{"href":"https:\/\/relaxingmusic.website\/de\/wp-json\/wp\/v2\/media?parent=962"}],"curies":[{"name":"wp","href":"https:\/\/api.w.org\/{rel}","templated":true}]}}